{"id":460,"date":"2020-02-17T15:56:15","date_gmt":"2020-02-17T14:56:15","guid":{"rendered":"http:\/\/villavista.pl\/?page_id=460"},"modified":"2025-12-19T14:01:32","modified_gmt":"2025-12-19T13:01:32","slug":"apartament-villa-vista-kamieniec-z-aneksem-kuchennym","status":"publish","type":"page","link":"https:\/\/villavista.pl\/index.php\/apartament-villa-vista-kamieniec-z-aneksem-kuchennym\/","title":{"rendered":"Villa Vista Apartamenty &amp; SAUNA Zakopane &#8211;  &#8222;Kamieniec&#8221; z Aneksem Kuchennym"},"content":{"rendered":"\n<h1 class=\"wp-block-heading\">Apartament \u201eKamieniec\u201d \u2013 Villa Vista Apartamenty &amp; SAUNA Zakopane<\/h1>\n\n\n\n<p><strong>Villa Vista Apartamenty &amp; SAUNA Zakopane<\/strong> znajduje si\u0119 w naj\u0142adniejszej dzielnicy Zakopanego \u2013 <strong>Kamieniec\/Tatary<\/strong>, tu\u017c pod Guba\u0142\u00f3wk\u0105. Za budynkiem rozci\u0105ga si\u0119 las i g\u00f3ra, co zapewnia cisz\u0119, spok\u00f3j i kontakt z natur\u0105. Nieca\u0142e 50 metr\u00f3w od apartamentu przep\u0142ywa g\u00f3rska rzeka <strong>Zakopianka<\/strong>, idealna do spacer\u00f3w i joggingu.<\/p>\n\n\n\n<p>W pobli\u017cu znajduj\u0105 si\u0119 liczne <strong>szlaki turystyczne na Guba\u0142\u00f3wk\u0119<\/strong>, kt\u00f3re umo\u017cliwiaj\u0105 piesze w\u0119dr\u00f3wki i podziwianie panoramy Tatr \u2013 \u015bwietna alternatywa dla wjazdu kolejk\u0105.<\/p>\n\n\n\n<h2 class=\"wp-block-heading\">Po\u0142o\u017cenie apartamentu Villa Vista \u201eKamieniec\u201d<\/h2>\n\n\n\n<ul class=\"wp-block-list\">\n<li><strong>Krup\u00f3wki<\/strong> \u2013 ok. 1000 m<\/li>\n\n\n\n<li><strong>R\u00f3wnia Krupowa (Sylwester)<\/strong> \u2013 ok. 700 m<\/li>\n\n\n\n<li><strong>Kolej na Guba\u0142\u00f3wk\u0119<\/strong> \u2013 ok. 1000 m<\/li>\n\n\n\n<li><strong>Dworzec PKP\/PKS<\/strong> \u2013 ok. 900 m<\/li>\n\n\n\n<li><strong>Baseny Termalne<\/strong> \u2013 ok. 1400 m<\/li>\n\n\n\n<li><strong>Szlaki turystyczne na Guba\u0142\u00f3wk\u0119<\/strong> \u2013 w pobli\u017cu Villa Vista<\/li>\n<\/ul>\n\n\n\n<p>Dzi\u0119ki temu <strong>Apartament \u201eKamieniec\u201d w Villa Vista Zakopane<\/strong> pozwala na komfortowe zwiedzanie Zakopanego pieszo, oszcz\u0119dzaj\u0105c czas i koszty parkowania, a jednocze\u015bnie gwarantuje spok\u00f3j i wypoczynek w otoczeniu przyrody.<\/p>\n\n\n\n<h2 class=\"wp-block-heading\">Wyposa\u017cenie apartamentu Villa Vista \u201eKamieniec\u201d<\/h2>\n\n\n\n<p>Apartament typu studio przeznaczony jest dla <strong>maksymalnie 3 os\u00f3b doros\u0142ych<\/strong> i zosta\u0142 wyposa\u017cony tak, aby pobyt by\u0142 komfortowy:<\/p>\n\n\n\n<ul class=\"wp-block-list\">\n<li><strong>\u0141\u00f3\u017cka:<\/strong> jedno \u0142\u00f3\u017cko dwuosobowe z materacem <strong>Exclusive <\/strong>oraz rozk\u0142adana kanapa jednoosobowa, pe\u0142ni\u0105ca tak\u017ce funkcj\u0119 wypoczynkow\u0105,<\/li>\n\n\n\n<li><strong>Aneks kuchenny:<\/strong> p\u0142yta grzewcza indukcyjna, lod\u00f3wka, czajnik oraz niezb\u0119dne przybory kuchenne,<\/li>\n\n\n\n<li><strong>Telewizor:<\/strong> LED SMART TV pod\u0142\u0105czony do internetu z dost\u0119pem do przegl\u0105darki, YouTube, Netflix, Ipla i innych aplikacji,<\/li>\n\n\n\n<li><strong>\u0141azienka:<\/strong> prysznic z termostatem, WC i umywalka,<\/li>\n\n\n\n<li><strong>Internet:<\/strong> bezp\u0142atne WiFi w ca\u0142ym apartamencie.<\/li>\n<\/ul>\n\n\n\n<p>Dzi\u0119ki tym udogodnieniom pobyt w <strong>Villa Vista Apartamenty &amp; SAUNA Zakopane \u2013 Kamieniec<\/strong> jest wygodny, nowoczesny i przyjemny, zar\u00f3wno dla os\u00f3b podr\u00f3\u017cuj\u0105cych samotnie, par, jak i ma\u0142ych rodzin.<\/p>\n\n\n\n<h2 class=\"wp-block-heading\">Zarezerwuj Apartament \u201eKamieniec\u201d<\/h2>\n\n\n\n<p>Nie czekaj! <strong><a>Skontaktuj si\u0119 z nami ju\u017c dzi\u015b<\/a><\/strong> i zarezerwuj <strong>Apartament \u201eKamieniec\u201d w Villa Vista Zakopane<\/strong>. Ciesz si\u0119 spokojem, komfortem i blisko\u015bci\u0105 Krup\u00f3wek oraz atrakcji Zakopanego!<\/p>\n\n\n\n<p>Wyposa\u017cenie Apartamentu Villa Vista  \u201eKamieniec\u201d<\/p>\n\n\n\n<figure class=\"wp-block-image size-large\"><img loading=\"lazy\" decoding=\"async\" width=\"1024\" height=\"552\" src=\"https:\/\/villavista.pl\/wp-content\/uploads\/2024\/01\/1701664129387-1024x552.jpg\" alt=\"\" class=\"wp-image-775\" srcset=\"https:\/\/villavista.pl\/wp-content\/uploads\/2024\/01\/1701664129387-1024x552.jpg 1024w, https:\/\/villavista.pl\/wp-content\/uploads\/2024\/01\/1701664129387-800x431.jpg 800w, https:\/\/villavista.pl\/wp-content\/uploads\/2024\/01\/1701664129387-768x414.jpg 768w, https:\/\/villavista.pl\/wp-content\/uploads\/2024\/01\/1701664129387-1536x828.jpg 1536w, https:\/\/villavista.pl\/wp-content\/uploads\/2024\/01\/1701664129387-2048x1104.jpg 2048w\" sizes=\"auto, (max-width: 767px) 89vw, (max-width: 1000px) 54vw, (max-width: 1071px) 543px, 580px\" \/><figcaption class=\"wp-element-caption\">Villa Vista Apartamenty Zakopane Sypialnia Kamieniec<\/figcaption><\/figure>\n\n\n\n<figure class=\"wp-block-image size-large\"><img loading=\"lazy\" decoding=\"async\" width=\"1024\" height=\"527\" src=\"https:\/\/villavista.pl\/wp-content\/uploads\/2024\/01\/1701664129403-1024x527.jpg\" alt=\"\" class=\"wp-image-777\" srcset=\"https:\/\/villavista.pl\/wp-content\/uploads\/2024\/01\/1701664129403-1024x527.jpg 1024w, https:\/\/villavista.pl\/wp-content\/uploads\/2024\/01\/1701664129403-800x412.jpg 800w, https:\/\/villavista.pl\/wp-content\/uploads\/2024\/01\/1701664129403-768x395.jpg 768w, https:\/\/villavista.pl\/wp-content\/uploads\/2024\/01\/1701664129403-1536x791.jpg 1536w, https:\/\/villavista.pl\/wp-content\/uploads\/2024\/01\/1701664129403-2048x1054.jpg 2048w\" sizes=\"auto, (max-width: 767px) 89vw, (max-width: 1000px) 54vw, (max-width: 1071px) 543px, 580px\" \/><figcaption class=\"wp-element-caption\">Villa Vista Zakopane Kamieniec Cz\u0119\u015b\u0107 Wypoczynkowa<\/figcaption><\/figure>\n\n\n\n<figure class=\"wp-block-gallery has-nested-images columns-default is-cropped wp-block-gallery-1 is-layout-flex wp-block-gallery-is-layout-flex\">\n<figure class=\"wp-block-image size-large\"><img loading=\"lazy\" decoding=\"async\" width=\"1024\" height=\"552\" data-id=\"783\" src=\"https:\/\/villavista.pl\/wp-content\/uploads\/2024\/01\/1701664129461-2-1024x552.jpg\" alt=\"\" class=\"wp-image-783\" srcset=\"https:\/\/villavista.pl\/wp-content\/uploads\/2024\/01\/1701664129461-2-1024x552.jpg 1024w, https:\/\/villavista.pl\/wp-content\/uploads\/2024\/01\/1701664129461-2-800x431.jpg 800w, https:\/\/villavista.pl\/wp-content\/uploads\/2024\/01\/1701664129461-2-768x414.jpg 768w, https:\/\/villavista.pl\/wp-content\/uploads\/2024\/01\/1701664129461-2-1536x828.jpg 1536w, https:\/\/villavista.pl\/wp-content\/uploads\/2024\/01\/1701664129461-2-2048x1104.jpg 2048w\" sizes=\"auto, (max-width: 767px) 89vw, (max-width: 1000px) 54vw, (max-width: 1071px) 543px, 580px\" \/><\/figure>\n<\/figure>\n\n\n\n<figure class=\"wp-block-image size-large\"><img loading=\"lazy\" decoding=\"async\" width=\"1024\" height=\"552\" src=\"https:\/\/villavista.pl\/wp-content\/uploads\/2024\/01\/1701664129461-1024x552.jpg\" alt=\"\" class=\"wp-image-778\" srcset=\"https:\/\/villavista.pl\/wp-content\/uploads\/2024\/01\/1701664129461-1024x552.jpg 1024w, https:\/\/villavista.pl\/wp-content\/uploads\/2024\/01\/1701664129461-800x431.jpg 800w, https:\/\/villavista.pl\/wp-content\/uploads\/2024\/01\/1701664129461-768x414.jpg 768w, https:\/\/villavista.pl\/wp-content\/uploads\/2024\/01\/1701664129461-1536x828.jpg 1536w, https:\/\/villavista.pl\/wp-content\/uploads\/2024\/01\/1701664129461-2048x1104.jpg 2048w\" sizes=\"auto, (max-width: 767px) 89vw, (max-width: 1000px) 54vw, (max-width: 1071px) 543px, 580px\" \/><figcaption class=\"wp-element-caption\">Villa Vista Zakopane Kamieniec Cz\u0119\u015b\u0107 Wypoczynkowa<\/figcaption><\/figure>\n\n\n\n<figure class=\"wp-block-gallery has-nested-images columns-default is-cropped wp-block-gallery-2 is-layout-flex wp-block-gallery-is-layout-flex\">\n<figure class=\"wp-block-image size-large\"><img loading=\"lazy\" decoding=\"async\" width=\"1024\" height=\"552\" data-id=\"781\" src=\"https:\/\/villavista.pl\/wp-content\/uploads\/2024\/01\/1701664129343-1024x552.jpg\" alt=\"\" class=\"wp-image-781\" srcset=\"https:\/\/villavista.pl\/wp-content\/uploads\/2024\/01\/1701664129343-1024x552.jpg 1024w, https:\/\/villavista.pl\/wp-content\/uploads\/2024\/01\/1701664129343-800x431.jpg 800w, https:\/\/villavista.pl\/wp-content\/uploads\/2024\/01\/1701664129343-768x414.jpg 768w, https:\/\/villavista.pl\/wp-content\/uploads\/2024\/01\/1701664129343-1536x828.jpg 1536w, https:\/\/villavista.pl\/wp-content\/uploads\/2024\/01\/1701664129343-2048x1104.jpg 2048w\" sizes=\"auto, (max-width: 767px) 89vw, (max-width: 1000px) 54vw, (max-width: 1071px) 543px, 580px\" \/><\/figure>\n<\/figure>\n\n\n\n<figure class=\"wp-block-image size-large\"><img loading=\"lazy\" decoding=\"async\" width=\"1024\" height=\"576\" src=\"https:\/\/villavista.pl\/wp-content\/uploads\/2023\/01\/IMG_20200605_130954-1024x576.jpg\" alt=\"\" class=\"wp-image-631\" srcset=\"https:\/\/villavista.pl\/wp-content\/uploads\/2023\/01\/IMG_20200605_130954-1024x576.jpg 1024w, https:\/\/villavista.pl\/wp-content\/uploads\/2023\/01\/IMG_20200605_130954-300x169.jpg 300w, https:\/\/villavista.pl\/wp-content\/uploads\/2023\/01\/IMG_20200605_130954-768x432.jpg 768w, https:\/\/villavista.pl\/wp-content\/uploads\/2023\/01\/IMG_20200605_130954-1536x864.jpg 1536w, https:\/\/villavista.pl\/wp-content\/uploads\/2023\/01\/IMG_20200605_130954-2048x1152.jpg 2048w\" sizes=\"auto, (max-width: 767px) 89vw, (max-width: 1000px) 54vw, (max-width: 1071px) 543px, 580px\" \/><figcaption class=\"wp-element-caption\">Villa Vista Studio Kamieniec<\/figcaption><\/figure>\n\n\n\n<figure class=\"wp-block-image size-large\"><img loading=\"lazy\" decoding=\"async\" width=\"1024\" height=\"552\" src=\"https:\/\/villavista.pl\/wp-content\/uploads\/2024\/01\/1701664129372-1024x552.jpg\" alt=\"\" class=\"wp-image-779\" srcset=\"https:\/\/villavista.pl\/wp-content\/uploads\/2024\/01\/1701664129372-1024x552.jpg 1024w, https:\/\/villavista.pl\/wp-content\/uploads\/2024\/01\/1701664129372-800x431.jpg 800w, https:\/\/villavista.pl\/wp-content\/uploads\/2024\/01\/1701664129372-768x414.jpg 768w, https:\/\/villavista.pl\/wp-content\/uploads\/2024\/01\/1701664129372-1536x828.jpg 1536w, https:\/\/villavista.pl\/wp-content\/uploads\/2024\/01\/1701664129372-2048x1104.jpg 2048w\" sizes=\"auto, (max-width: 767px) 89vw, (max-width: 1000px) 54vw, (max-width: 1071px) 543px, 580px\" \/><figcaption class=\"wp-element-caption\">Villa Vista Aneks Kuchenny Kamieniec<\/figcaption><\/figure>\n\n\n\n<figure class=\"wp-block-image size-large\"><img loading=\"lazy\" decoding=\"async\" width=\"1024\" height=\"768\" src=\"https:\/\/villavista.pl\/wp-content\/uploads\/2023\/01\/collage-1024x768.jpg\" alt=\"\" class=\"wp-image-629\" srcset=\"https:\/\/villavista.pl\/wp-content\/uploads\/2023\/01\/collage-1024x768.jpg 1024w, https:\/\/villavista.pl\/wp-content\/uploads\/2023\/01\/collage-300x225.jpg 300w, https:\/\/villavista.pl\/wp-content\/uploads\/2023\/01\/collage-768x576.jpg 768w, https:\/\/villavista.pl\/wp-content\/uploads\/2023\/01\/collage-1536x1152.jpg 1536w, https:\/\/villavista.pl\/wp-content\/uploads\/2023\/01\/collage-2048x1536.jpg 2048w\" sizes=\"auto, (max-width: 767px) 89vw, (max-width: 1000px) 54vw, (max-width: 1071px) 543px, 580px\" \/><figcaption class=\"wp-element-caption\">Villa Vista Kamieniec \u0141azienka<\/figcaption><\/figure>\n\n\n<p><script defer async src='https:\/\/cdn.trustindex.io\/loader-cert.js?0f47b5c153ca068d38568254b83'><\/script><\/p>\n","protected":false},"excerpt":{"rendered":"<p>Apartament \u201eKamieniec\u201d \u2013 Villa Vista Apartamenty &amp; SAUNA Zakopane Villa Vista Apartamenty &amp; SAUNA Zakopane znajduje si\u0119 w naj\u0142adniejszej dzielnicy Zakopanego \u2013 Kamieniec\/Tatary, tu\u017c pod Guba\u0142\u00f3wk\u0105. Za budynkiem rozci\u0105ga si\u0119 las i g\u00f3ra, co zapewnia cisz\u0119, spok\u00f3j i kontakt z natur\u0105. Nieca\u0142e 50 metr\u00f3w od apartamentu przep\u0142ywa g\u00f3rska rzeka Zakopianka, idealna do spacer\u00f3w i joggingu. &hellip; <\/p>\n<p class=\"link-more\"><a href=\"https:\/\/villavista.pl\/index.php\/apartament-villa-vista-kamieniec-z-aneksem-kuchennym\/\" class=\"more-link\">Czytaj dalej<span class=\"screen-reader-text\"> \u201eVilla Vista Apartamenty &amp; SAUNA Zakopane &#8211;  &#8222;Kamieniec&#8221; z Aneksem Kuchennym\u201d<\/span><\/a><\/p>\n","protected":false},"author":1,"featured_media":780,"parent":0,"menu_order":0,"comment_status":"closed","ping_status":"closed","template":"","meta":{"footnotes":""},"class_list":["post-460","page","type-page","status-publish","has-post-thumbnail","hentry"],"aioseo_notices":[],"_links":{"self":[{"href":"https:\/\/villavista.pl\/index.php\/wp-json\/wp\/v2\/pages\/460","targetHints":{"allow":["GET"]}}],"collection":[{"href":"https:\/\/villavista.pl\/index.php\/wp-json\/wp\/v2\/pages"}],"about":[{"href":"https:\/\/villavista.pl\/index.php\/wp-json\/wp\/v2\/types\/page"}],"author":[{"embeddable":true,"href":"https:\/\/villavista.pl\/index.php\/wp-json\/wp\/v2\/users\/1"}],"replies":[{"embeddable":true,"href":"https:\/\/villavista.pl\/index.php\/wp-json\/wp\/v2\/comments?post=460"}],"version-history":[{"count":18,"href":"https:\/\/villavista.pl\/index.php\/wp-json\/wp\/v2\/pages\/460\/revisions"}],"predecessor-version":[{"id":889,"href":"https:\/\/villavista.pl\/index.php\/wp-json\/wp\/v2\/pages\/460\/revisions\/889"}],"wp:featuredmedia":[{"embeddable":true,"href":"https:\/\/villavista.pl\/index.php\/wp-json\/wp\/v2\/media\/780"}],"wp:attachment":[{"href":"https:\/\/villavista.pl\/index.php\/wp-json\/wp\/v2\/media?parent=460"}],"curies":[{"name":"wp","href":"https:\/\/api.w.org\/{rel}","templated":true}]}}