{"id":26,"date":"2019-08-07T17:48:12","date_gmt":"2019-08-07T15:48:12","guid":{"rendered":"http:\/\/villavista.pl\/?page_id=26"},"modified":"2025-12-19T14:07:06","modified_gmt":"2025-12-19T13:07:06","slug":"apartament-wynajem-zakopane-na-wierchu","status":"publish","type":"page","link":"https:\/\/villavista.pl\/index.php\/apartament-wynajem-zakopane-na-wierchu\/","title":{"rendered":"Villa Vista Apartamenty &amp; SAUNA Zakopane &#8211; Apartament dwupoziomowy &#8222;Kasprowy Wierch&#8221; SAUNA"},"content":{"rendered":"\n<h1 class=\"wp-block-heading\">Apartament dwupoziomowy \u201eKasprowy Wierch\u201d \u2013 Villa Vista Apartamenty &amp; SAUNA Zakopane<\/h1>\n\n\n\n<p>Z przyjemno\u015bci\u0105 przedstawiamy Pa\u0144stwu <strong>przestronny, dwupoziomowy Apartament \u201eKasprowy Wierch\u201d<\/strong> w <strong>Villa Vista Apartamenty &amp; SAUNA Zakopane<\/strong>. To idealny wyb\u00f3r dla du\u017cych rodzin lub grup przyjaci\u00f3\u0142 \u2013 <strong>maksymalnie 10 os\u00f3b doros\u0142ych<\/strong>. Apartament ma powierzchni\u0119 oko\u0142o 60 m\u00b2 i zosta\u0142 wyposa\u017cony w <strong>SAUN\u0118<\/strong>, nowoczesny <strong>aneks kuchenny<\/strong> oraz \u0142azienk\u0119, aby pobyt by\u0142 komfortowy i relaksuj\u0105cy.<\/p>\n\n\n\n<p>Dzi\u0119ki po\u0142o\u017ceniu na samej g\u00f3rze Villi Vista, z okien rozpo\u015bciera si\u0119 przepi\u0119kny widok na g\u00f3ry, Tatry i poblisk\u0105 Guba\u0142\u00f3wk\u0119. <strong>Villa Vista Apartamenty &amp; SAUNA Zakopane<\/strong> znajduj\u0105 si\u0119 w naj\u0142adniejszej dzielnicy Zakopanego \u2013 <strong>Tatary\/Kamieniec<\/strong>, tu\u017c pod Guba\u0142\u00f3wk\u0105, a za budynkiem znajduj\u0105 si\u0119 las i zbocze g\u00f3ry, co zapewnia cisz\u0119 i spok\u00f3j. W pobli\u017cu przep\u0142ywa g\u00f3rska rzeka <strong>Zakopianka<\/strong>, idealna do spacer\u00f3w i joggingu, a liczne <strong>szlaki turystyczne na Guba\u0142\u00f3wk\u0119<\/strong> umo\u017cliwiaj\u0105 aktywny wypoczynek.<\/p>\n\n\n\n<h2 class=\"wp-block-heading\">Po\u0142o\u017cenie apartamentu \u201eKasprowy Wierch\u201d<\/h2>\n\n\n\n<ul class=\"wp-block-list\">\n<li><strong>Krup\u00f3wki<\/strong> \u2013 ok. 1000 m<\/li>\n\n\n\n<li><strong>R\u00f3wnia Krupowa (Sylwester)<\/strong> \u2013 ok. 700 m<\/li>\n\n\n\n<li><strong>Kolej na Guba\u0142\u00f3wk\u0119<\/strong> \u2013 ok. 1000 m<\/li>\n\n\n\n<li><strong>Dworzec PKP\/PKS<\/strong> \u2013 ok. 900 m<\/li>\n\n\n\n<li><strong>Baseny Termalne<\/strong> \u2013 ok. 1400 m<\/li>\n\n\n\n<li><strong>Szlaki turystyczne na Guba\u0142\u00f3wk\u0119<\/strong> \u2013 w pobli\u017cu<\/li>\n<\/ul>\n\n\n\n<p>Takie po\u0142o\u017cenie sprawia, \u017ce <strong>Apartament \u201eKasprowy Wierch\u201d w Villa Vista Zakopane<\/strong> jest doskona\u0142ym wyborem dla os\u00f3b, kt\u00f3re chc\u0105 po\u0142\u0105czy\u0107 spokojny wypoczynek z \u0142atwym dost\u0119pem do atrakcji Zakopanego.<\/p>\n\n\n\n<h2 class=\"wp-block-heading\">Pierwszy poziom apartamentu<\/h2>\n\n\n\n<p>Na pierwszym poziomie znajduje si\u0119 <strong>sypialnia z du\u017cym \u0142\u00f3\u017ckiem 160 cm<\/strong>, wyposa\u017conym w materac <strong>Exclusive 24 cm<\/strong>, co gwarantuje komfortowy sen. W sypialni znajduje si\u0119 r\u00f3wnie\u017c stolik kawowy i komoda. Dla Pa\u0144stwa wygody zamontowali\u015bmy <strong>du\u017cy kinowy LED SMART TV 65&#8243; 4K<\/strong>, pod\u0142\u0105czony do internetu z dost\u0119pem do przegl\u0105darki, YouTube, Netflix, Ipla i innych aplikacji Android.<\/p>\n\n\n\n<p>Bezpo\u015brednio z korytarza dost\u0119pna jest <strong>SAUNA<\/strong>, idealna do relaksu po aktywnym dniu w Zakopanem. W tym samym poziomie znajduje si\u0119 <strong>\u0142azienka<\/strong> wyposa\u017cona w WC, umywalk\u0119 oraz prysznic.<\/p>\n\n\n\n<h2 class=\"wp-block-heading\">Drugi poziom apartamentu<\/h2>\n\n\n\n<p>Drugi poziom apartamentu to <strong>przestronny salon\/sypialnia po\u0142\u0105czona z aneksem kuchennym<\/strong>, wyposa\u017conym w:<\/p>\n\n\n\n<ul class=\"wp-block-list\">\n<li>p\u0142yt\u0119 grzewcz\u0105,<\/li>\n\n\n\n<li>lod\u00f3wk\u0119,<\/li>\n\n\n\n<li>kuchenk\u0119 mikrofalow\u0105,<\/li>\n\n\n\n<li>podstawowe naczynia i sztu\u0107ce.<\/li>\n<\/ul>\n\n\n\n<p>Na tym poziomie znajduj\u0105 si\u0119 r\u00f3wnie\u017c 2 sypialnie wyposa\u017cone w:<\/p>\n\n\n\n<ul class=\"wp-block-list\">\n<li>dwa \u0142\u00f3\u017cka jednoosobowe z materacami <strong>Exclusive 24 cm<\/strong>,<\/li>\n\n\n\n<li>dwa du\u017ce \u0142\u00f3zka dwuosobowe z materacami <strong>Exclusive 24 cm<\/strong>,<\/li>\n\n\n\n<li>W  centralnej cz\u0119\u015bci salonu dodatkowo dwa \u0142\u00f3\u017cka jednoosobowe.<\/li>\n<\/ul>\n\n\n\n<p>W salonie umieszczono <strong>st\u00f3\u0142 z sze\u015bcioma krzes\u0142ami<\/strong> oraz dwie pojemne komody. Dodatkowo zamontowali\u015bmy <strong>du\u017cy kinowy LED SMART TV 70&#8243; 4K<\/strong>, pod\u0142\u0105czony do internetu, umo\u017cliwiaj\u0105cy korzystanie z przegl\u0105darki, YouTube, Netflix( z w\u0142asnym kontem), Ipla i innych aplikacji.<\/p>\n\n\n\n<p>Z ka\u017cdego okna g\u00f3rnego Apartamentu \u201eKasprowy Wierch\u201d roztacza si\u0119 <strong>przepi\u0119kny widok na Tatry, Guba\u0142\u00f3wk\u0119 i las<\/strong>, co czyni pobyt niezapomnianym i relaksuj\u0105cym.<\/p>\n\n\n\n<h2 class=\"wp-block-heading\">Dlaczego warto wybra\u0107 Apartament \u201eKasprowy Wierch\u201d<\/h2>\n\n\n\n<p><strong>Villa Vista Apartamenty &amp; SAUNA Zakopane \u2013 Kasprowy Wierch<\/strong> to idealny wyb\u00f3r dla rodzin i grup znajomych, kt\u00f3rzy szukaj\u0105:<\/p>\n\n\n\n<ul class=\"wp-block-list\">\n<li>komfortu i przestronno\u015bci,<\/li>\n\n\n\n<li>SAUNY na miejscu,<\/li>\n\n\n\n<li>doskona\u0142ego widoku na g\u00f3ry i panoram\u0119 Zakopanego,<\/li>\n\n\n\n<li>blisko\u015bci Krup\u00f3wek, Guba\u0142\u00f3wki, szlak\u00f3w turystycznych i atrakcji Zakopanego,<\/li>\n\n\n\n<li>nowoczesnego wyposa\u017cenia (WiFi, LED SMART TV 4K, aneks kuchenny, materace Exclusive).<\/li>\n<\/ul>\n\n\n\n<p><strong><a>Zarezerwuj Apartament \u201eKasprowy Wierch\u201d ju\u017c dzi\u015b<\/a><\/strong> i ciesz si\u0119 wyj\u0105tkowym pobytem w sercu Zakopanego w <strong>Villa Vista Apartamenty &amp; SAUNA Zakopane<\/strong>!<\/p>\n\n\n\n<h4 class=\"wp-block-heading\">Zdj\u0119cia apartamentu  Kasprowy Wierch<\/h4>\n\n\n\n<figure class=\"wp-block-image size-large\"><img loading=\"lazy\" decoding=\"async\" width=\"1024\" height=\"552\" src=\"https:\/\/villavista.pl\/wp-content\/uploads\/2024\/01\/1701664130214-1024x552.jpg\" alt=\"\" class=\"wp-image-766\" srcset=\"https:\/\/villavista.pl\/wp-content\/uploads\/2024\/01\/1701664130214-1024x552.jpg 1024w, https:\/\/villavista.pl\/wp-content\/uploads\/2024\/01\/1701664130214-800x431.jpg 800w, https:\/\/villavista.pl\/wp-content\/uploads\/2024\/01\/1701664130214-768x414.jpg 768w, https:\/\/villavista.pl\/wp-content\/uploads\/2024\/01\/1701664130214-1536x828.jpg 1536w, https:\/\/villavista.pl\/wp-content\/uploads\/2024\/01\/1701664130214-2048x1104.jpg 2048w\" sizes=\"auto, (max-width: 767px) 89vw, (max-width: 1000px) 54vw, (max-width: 1071px) 543px, 580px\" \/><figcaption class=\"wp-element-caption\">Villa Vista Kasprowy Wierch<\/figcaption><\/figure>\n\n\n\n<figure class=\"wp-block-image size-large\"><img loading=\"lazy\" decoding=\"async\" width=\"1024\" height=\"552\" src=\"https:\/\/villavista.pl\/wp-content\/uploads\/2024\/01\/1701664129906-1024x552.jpg\" alt=\"\" class=\"wp-image-768\" srcset=\"https:\/\/villavista.pl\/wp-content\/uploads\/2024\/01\/1701664129906-1024x552.jpg 1024w, https:\/\/villavista.pl\/wp-content\/uploads\/2024\/01\/1701664129906-800x431.jpg 800w, https:\/\/villavista.pl\/wp-content\/uploads\/2024\/01\/1701664129906-768x414.jpg 768w, https:\/\/villavista.pl\/wp-content\/uploads\/2024\/01\/1701664129906-1536x828.jpg 1536w, https:\/\/villavista.pl\/wp-content\/uploads\/2024\/01\/1701664129906-2048x1104.jpg 2048w\" sizes=\"auto, (max-width: 767px) 89vw, (max-width: 1000px) 54vw, (max-width: 1071px) 543px, 580px\" \/><figcaption class=\"wp-element-caption\">Villa Vista Kasprowy Wierch Salon TV 65&#8243;<\/figcaption><\/figure>\n\n\n\n<figure class=\"wp-block-image size-large\"><img loading=\"lazy\" decoding=\"async\" width=\"1024\" height=\"552\" src=\"https:\/\/villavista.pl\/wp-content\/uploads\/2024\/01\/1701664130021-1024x552.jpg\" alt=\"\" class=\"wp-image-767\" srcset=\"https:\/\/villavista.pl\/wp-content\/uploads\/2024\/01\/1701664130021-1024x552.jpg 1024w, https:\/\/villavista.pl\/wp-content\/uploads\/2024\/01\/1701664130021-800x431.jpg 800w, https:\/\/villavista.pl\/wp-content\/uploads\/2024\/01\/1701664130021-768x414.jpg 768w, https:\/\/villavista.pl\/wp-content\/uploads\/2024\/01\/1701664130021-1536x828.jpg 1536w, https:\/\/villavista.pl\/wp-content\/uploads\/2024\/01\/1701664130021-2048x1104.jpg 2048w\" sizes=\"auto, (max-width: 767px) 89vw, (max-width: 1000px) 54vw, (max-width: 1071px) 543px, 580px\" \/><figcaption class=\"wp-element-caption\">Aneks Kasprowy Wierch Villa Vista Zakopane Aneks kuchenny<\/figcaption><\/figure>\n\n\n\n<figure class=\"wp-block-gallery has-nested-images columns-default is-cropped wp-block-gallery-1 is-layout-flex wp-block-gallery-is-layout-flex\">\n<figure class=\"wp-block-image size-large\"><img loading=\"lazy\" decoding=\"async\" width=\"1024\" height=\"552\" data-id=\"769\" src=\"https:\/\/villavista.pl\/wp-content\/uploads\/2024\/01\/1701664130004-1024x552.jpg\" alt=\"\" class=\"wp-image-769\" srcset=\"https:\/\/villavista.pl\/wp-content\/uploads\/2024\/01\/1701664130004-1024x552.jpg 1024w, https:\/\/villavista.pl\/wp-content\/uploads\/2024\/01\/1701664130004-800x431.jpg 800w, https:\/\/villavista.pl\/wp-content\/uploads\/2024\/01\/1701664130004-768x414.jpg 768w, https:\/\/villavista.pl\/wp-content\/uploads\/2024\/01\/1701664130004-1536x828.jpg 1536w, https:\/\/villavista.pl\/wp-content\/uploads\/2024\/01\/1701664130004-2048x1104.jpg 2048w\" sizes=\"auto, (max-width: 767px) 89vw, (max-width: 1000px) 54vw, (max-width: 1071px) 543px, 580px\" \/><\/figure>\n<\/figure>\n\n\n\n<figure class=\"wp-block-image size-large\"><img loading=\"lazy\" decoding=\"async\" width=\"1024\" height=\"552\" src=\"https:\/\/villavista.pl\/wp-content\/uploads\/2024\/01\/1701664130069-1024x552.jpg\" alt=\"\" class=\"wp-image-765\" srcset=\"https:\/\/villavista.pl\/wp-content\/uploads\/2024\/01\/1701664130069-1024x552.jpg 1024w, https:\/\/villavista.pl\/wp-content\/uploads\/2024\/01\/1701664130069-800x431.jpg 800w, https:\/\/villavista.pl\/wp-content\/uploads\/2024\/01\/1701664130069-768x414.jpg 768w, https:\/\/villavista.pl\/wp-content\/uploads\/2024\/01\/1701664130069-1536x828.jpg 1536w, https:\/\/villavista.pl\/wp-content\/uploads\/2024\/01\/1701664130069-2048x1104.jpg 2048w\" sizes=\"auto, (max-width: 767px) 89vw, (max-width: 1000px) 54vw, (max-width: 1071px) 543px, 580px\" \/><figcaption class=\"wp-element-caption\">Apartament Villa Vista Kasprowy Wierch z SAUN\u0104<\/figcaption><\/figure>\n\n\n\n<figure class=\"wp-block-image size-large\"><img loading=\"lazy\" decoding=\"async\" width=\"1024\" height=\"367\" src=\"https:\/\/villavista.pl\/wp-content\/uploads\/2023\/01\/IMG_20190629_132613-1024x367.jpg\" alt=\"\" class=\"wp-image-622\" srcset=\"https:\/\/villavista.pl\/wp-content\/uploads\/2023\/01\/IMG_20190629_132613-1024x367.jpg 1024w, https:\/\/villavista.pl\/wp-content\/uploads\/2023\/01\/IMG_20190629_132613-300x107.jpg 300w, https:\/\/villavista.pl\/wp-content\/uploads\/2023\/01\/IMG_20190629_132613-768x275.jpg 768w, https:\/\/villavista.pl\/wp-content\/uploads\/2023\/01\/IMG_20190629_132613.jpg 1500w\" sizes=\"auto, (max-width: 767px) 89vw, (max-width: 1000px) 54vw, (max-width: 1071px) 543px, 580px\" \/><figcaption class=\"wp-element-caption\">Villa Vista Zakopane Kasprowy Wierch Sypialnia Okno Widokowe<\/figcaption><\/figure>\n\n\n\n<figure class=\"wp-block-image size-large\"><img loading=\"lazy\" decoding=\"async\" width=\"1024\" height=\"552\" src=\"https:\/\/villavista.pl\/wp-content\/uploads\/2024\/01\/1701664129814-1024x552.jpg\" alt=\"sypialnia Kasprowy Wierch Villa Vista\" class=\"wp-image-762\" srcset=\"https:\/\/villavista.pl\/wp-content\/uploads\/2024\/01\/1701664129814-1024x552.jpg 1024w, https:\/\/villavista.pl\/wp-content\/uploads\/2024\/01\/1701664129814-800x431.jpg 800w, https:\/\/villavista.pl\/wp-content\/uploads\/2024\/01\/1701664129814-768x414.jpg 768w, https:\/\/villavista.pl\/wp-content\/uploads\/2024\/01\/1701664129814-1536x828.jpg 1536w, https:\/\/villavista.pl\/wp-content\/uploads\/2024\/01\/1701664129814-2048x1104.jpg 2048w\" sizes=\"auto, (max-width: 767px) 89vw, (max-width: 1000px) 54vw, (max-width: 1071px) 543px, 580px\" \/><figcaption class=\"wp-element-caption\">sypialnia Kasprowy Wierch Villa Vista<\/figcaption><\/figure>\n\n\n\n<figure class=\"wp-block-gallery has-nested-images columns-default is-cropped wp-block-gallery-2 is-layout-flex wp-block-gallery-is-layout-flex\">\n<figure class=\"wp-block-image size-large\"><img loading=\"lazy\" decoding=\"async\" width=\"1024\" height=\"552\" data-id=\"770\" src=\"https:\/\/villavista.pl\/wp-content\/uploads\/2024\/01\/1701664130122-1024x552.jpg\" alt=\"\" class=\"wp-image-770\" srcset=\"https:\/\/villavista.pl\/wp-content\/uploads\/2024\/01\/1701664130122-1024x552.jpg 1024w, https:\/\/villavista.pl\/wp-content\/uploads\/2024\/01\/1701664130122-800x431.jpg 800w, https:\/\/villavista.pl\/wp-content\/uploads\/2024\/01\/1701664130122-768x414.jpg 768w, https:\/\/villavista.pl\/wp-content\/uploads\/2024\/01\/1701664130122-1536x828.jpg 1536w, https:\/\/villavista.pl\/wp-content\/uploads\/2024\/01\/1701664130122-2048x1104.jpg 2048w\" sizes=\"auto, (max-width: 767px) 89vw, (max-width: 1000px) 54vw, (max-width: 1071px) 543px, 580px\" \/><\/figure>\n<\/figure>\n\n\n\n<figure class=\"wp-block-gallery has-nested-images columns-default is-cropped wp-block-gallery-3 is-layout-flex wp-block-gallery-is-layout-flex\">\n<figure class=\"wp-block-image size-large\"><img loading=\"lazy\" decoding=\"async\" width=\"1024\" height=\"578\" data-id=\"771\" src=\"https:\/\/villavista.pl\/wp-content\/uploads\/2024\/01\/1701664130147-1024x578.jpg\" alt=\"\" class=\"wp-image-771\" srcset=\"https:\/\/villavista.pl\/wp-content\/uploads\/2024\/01\/1701664130147-1024x578.jpg 1024w, https:\/\/villavista.pl\/wp-content\/uploads\/2024\/01\/1701664130147-800x452.jpg 800w, https:\/\/villavista.pl\/wp-content\/uploads\/2024\/01\/1701664130147-768x434.jpg 768w, https:\/\/villavista.pl\/wp-content\/uploads\/2024\/01\/1701664130147-1536x867.jpg 1536w, https:\/\/villavista.pl\/wp-content\/uploads\/2024\/01\/1701664130147-2048x1157.jpg 2048w\" sizes=\"auto, (max-width: 767px) 89vw, (max-width: 1000px) 54vw, (max-width: 1071px) 543px, 580px\" \/><\/figure>\n<\/figure>\n\n\n\n<figure class=\"wp-block-image\"><img loading=\"lazy\" decoding=\"async\" width=\"1024\" height=\"366\" src=\"https:\/\/villavista.pl\/wp-content\/uploads\/2019\/08\/IMG_20190629_132613-2-1024x366.jpg\" alt=\"Panorama Tatr z okien Villa Vista Apartament Pokoje wynajem Zakopane\" class=\"wp-image-104\" srcset=\"https:\/\/villavista.pl\/wp-content\/uploads\/2019\/08\/IMG_20190629_132613-2-1024x366.jpg 1024w, https:\/\/villavista.pl\/wp-content\/uploads\/2019\/08\/IMG_20190629_132613-2-300x107.jpg 300w, https:\/\/villavista.pl\/wp-content\/uploads\/2019\/08\/IMG_20190629_132613-2-768x275.jpg 768w, https:\/\/villavista.pl\/wp-content\/uploads\/2019\/08\/IMG_20190629_132613-2.jpg 1400w\" sizes=\"auto, (max-width: 767px) 89vw, (max-width: 1000px) 54vw, (max-width: 1071px) 543px, 580px\" \/><figcaption class=\"wp-element-caption\">Panorama Tatr z okien Villa Vista<\/figcaption><\/figure>\n\n\n\n<figure class=\"wp-block-image\"><img loading=\"lazy\" decoding=\"async\" width=\"595\" height=\"1024\" src=\"https:\/\/villavista.pl\/wp-content\/uploads\/2019\/08\/20190801_145147-595x1024.jpg\" alt=\"Villa Vista TV 4K Pokoje wynajem Zakopane\" class=\"wp-image-99\" srcset=\"https:\/\/villavista.pl\/wp-content\/uploads\/2019\/08\/20190801_145147-595x1024.jpg 595w, https:\/\/villavista.pl\/wp-content\/uploads\/2019\/08\/20190801_145147-174x300.jpg 174w, https:\/\/villavista.pl\/wp-content\/uploads\/2019\/08\/20190801_145147.jpg 700w\" sizes=\"auto, (max-width: 595px) 100vw, 595px\" \/><figcaption class=\"wp-element-caption\">Apartament dwu poziomowy Villa Vista Zakopane<\/figcaption><\/figure>\n\n\n\n<figure class=\"wp-block-image size-large\"><img loading=\"lazy\" decoding=\"async\" width=\"833\" height=\"1024\" src=\"https:\/\/villavista.pl\/wp-content\/uploads\/2024\/01\/1701664129718-833x1024.jpg\" alt=\"\" class=\"wp-image-764\" srcset=\"https:\/\/villavista.pl\/wp-content\/uploads\/2024\/01\/1701664129718-833x1024.jpg 833w, https:\/\/villavista.pl\/wp-content\/uploads\/2024\/01\/1701664129718-651x800.jpg 651w, https:\/\/villavista.pl\/wp-content\/uploads\/2024\/01\/1701664129718-768x944.jpg 768w, https:\/\/villavista.pl\/wp-content\/uploads\/2024\/01\/1701664129718-1250x1536.jpg 1250w, https:\/\/villavista.pl\/wp-content\/uploads\/2024\/01\/1701664129718-1667x2048.jpg 1667w, https:\/\/villavista.pl\/wp-content\/uploads\/2024\/01\/1701664129718.jpg 1953w\" sizes=\"auto, (max-width: 767px) 89vw, (max-width: 1000px) 54vw, (max-width: 1071px) 543px, 580px\" \/><figcaption class=\"wp-element-caption\">SAUNA Kasprowy Wierch Villa Vista Zakopane<\/figcaption><\/figure>\n\n\n\n<figure class=\"wp-block-image size-large\"><img loading=\"lazy\" decoding=\"async\" width=\"1024\" height=\"552\" src=\"https:\/\/villavista.pl\/wp-content\/uploads\/2024\/01\/1701664130312-1024x552.jpg\" alt=\"\" class=\"wp-image-763\" srcset=\"https:\/\/villavista.pl\/wp-content\/uploads\/2024\/01\/1701664130312-1024x552.jpg 1024w, https:\/\/villavista.pl\/wp-content\/uploads\/2024\/01\/1701664130312-800x431.jpg 800w, https:\/\/villavista.pl\/wp-content\/uploads\/2024\/01\/1701664130312-768x414.jpg 768w, https:\/\/villavista.pl\/wp-content\/uploads\/2024\/01\/1701664130312-1536x828.jpg 1536w, https:\/\/villavista.pl\/wp-content\/uploads\/2024\/01\/1701664130312-2048x1104.jpg 2048w\" sizes=\"auto, (max-width: 767px) 89vw, (max-width: 1000px) 54vw, (max-width: 1071px) 543px, 580px\" \/><figcaption class=\"wp-element-caption\">Sypialnia Kasprowy Wierch Villa Vista Zakopane<\/figcaption><\/figure>\n\n\n\n<figure class=\"wp-block-image\"><img loading=\"lazy\" decoding=\"async\" width=\"595\" height=\"1024\" src=\"https:\/\/villavista.pl\/wp-content\/uploads\/2019\/08\/20190801_145543-595x1024.jpg\" alt=\"Kasprowy Wierch LCD 4K Apartament Pokoje wynajem Zakopane Villa Vista\" class=\"wp-image-102\" srcset=\"https:\/\/villavista.pl\/wp-content\/uploads\/2019\/08\/20190801_145543-595x1024.jpg 595w, https:\/\/villavista.pl\/wp-content\/uploads\/2019\/08\/20190801_145543-174x300.jpg 174w, https:\/\/villavista.pl\/wp-content\/uploads\/2019\/08\/20190801_145543.jpg 700w\" sizes=\"auto, (max-width: 595px) 100vw, 595px\" \/><figcaption class=\"wp-element-caption\">Led TV 4K Villa Vista Zakopane<\/figcaption><\/figure>\n\n\n\n<figure class=\"wp-block-image size-large\"><img loading=\"lazy\" decoding=\"async\" width=\"1024\" height=\"552\" src=\"https:\/\/villavista.pl\/wp-content\/uploads\/2024\/01\/1701664129619-1024x552.jpg\" alt=\"\" class=\"wp-image-773\" srcset=\"https:\/\/villavista.pl\/wp-content\/uploads\/2024\/01\/1701664129619-1024x552.jpg 1024w, https:\/\/villavista.pl\/wp-content\/uploads\/2024\/01\/1701664129619-800x431.jpg 800w, https:\/\/villavista.pl\/wp-content\/uploads\/2024\/01\/1701664129619-768x414.jpg 768w, https:\/\/villavista.pl\/wp-content\/uploads\/2024\/01\/1701664129619-1536x828.jpg 1536w, https:\/\/villavista.pl\/wp-content\/uploads\/2024\/01\/1701664129619-2048x1104.jpg 2048w\" sizes=\"auto, (max-width: 767px) 89vw, (max-width: 1000px) 54vw, (max-width: 1071px) 543px, 580px\" \/><figcaption class=\"wp-element-caption\">\u0141azienka Kasprowy Wierch Villa Vista Zakopane<\/figcaption><\/figure>\n\n\n\n<figure class=\"wp-block-gallery has-nested-images columns-default is-cropped wp-block-gallery-4 is-layout-flex wp-block-gallery-is-layout-flex\">\n<figure class=\"wp-block-image size-large\"><img loading=\"lazy\" decoding=\"async\" width=\"578\" height=\"1024\" data-id=\"772\" src=\"https:\/\/villavista.pl\/wp-content\/uploads\/2024\/01\/1701664129662-578x1024.jpg\" alt=\"\" class=\"wp-image-772\" srcset=\"https:\/\/villavista.pl\/wp-content\/uploads\/2024\/01\/1701664129662-578x1024.jpg 578w, https:\/\/villavista.pl\/wp-content\/uploads\/2024\/01\/1701664129662-452x800.jpg 452w, https:\/\/villavista.pl\/wp-content\/uploads\/2024\/01\/1701664129662-768x1360.jpg 768w, https:\/\/villavista.pl\/wp-content\/uploads\/2024\/01\/1701664129662-867x1536.jpg 867w, https:\/\/villavista.pl\/wp-content\/uploads\/2024\/01\/1701664129662-1157x2048.jpg 1157w, https:\/\/villavista.pl\/wp-content\/uploads\/2024\/01\/1701664129662-scaled.jpg 1446w\" sizes=\"auto, (max-width: 578px) 100vw, 578px\" \/><\/figure>\n<\/figure>\n\n\n<p><script defer async src='https:\/\/cdn.trustindex.io\/loader-cert.js?0f47b5c153ca068d38568254b83'><\/script><\/p>\n\n\n\n<p><\/p>\n","protected":false},"excerpt":{"rendered":"<p>Apartament dwupoziomowy \u201eKasprowy Wierch\u201d \u2013 Villa Vista Apartamenty &amp; SAUNA Zakopane Z przyjemno\u015bci\u0105 przedstawiamy Pa\u0144stwu przestronny, dwupoziomowy Apartament \u201eKasprowy Wierch\u201d w Villa Vista Apartamenty &amp; SAUNA Zakopane. To idealny wyb\u00f3r dla du\u017cych rodzin lub grup przyjaci\u00f3\u0142 \u2013 maksymalnie 10 os\u00f3b doros\u0142ych. Apartament ma powierzchni\u0119 oko\u0142o 60 m\u00b2 i zosta\u0142 wyposa\u017cony w SAUN\u0118, nowoczesny aneks kuchenny &hellip; <\/p>\n<p class=\"link-more\"><a href=\"https:\/\/villavista.pl\/index.php\/apartament-wynajem-zakopane-na-wierchu\/\" class=\"more-link\">Czytaj dalej<span class=\"screen-reader-text\"> \u201eVilla Vista Apartamenty &amp; SAUNA Zakopane &#8211; Apartament dwupoziomowy &#8222;Kasprowy Wierch&#8221; SAUNA\u201d<\/span><\/a><\/p>\n","protected":false},"author":1,"featured_media":620,"parent":0,"menu_order":0,"comment_status":"closed","ping_status":"closed","template":"","meta":{"footnotes":""},"class_list":["post-26","page","type-page","status-publish","has-post-thumbnail","hentry"],"aioseo_notices":[],"_links":{"self":[{"href":"https:\/\/villavista.pl\/index.php\/wp-json\/wp\/v2\/pages\/26","targetHints":{"allow":["GET"]}}],"collection":[{"href":"https:\/\/villavista.pl\/index.php\/wp-json\/wp\/v2\/pages"}],"about":[{"href":"https:\/\/villavista.pl\/index.php\/wp-json\/wp\/v2\/types\/page"}],"author":[{"embeddable":true,"href":"https:\/\/villavista.pl\/index.php\/wp-json\/wp\/v2\/users\/1"}],"replies":[{"embeddable":true,"href":"https:\/\/villavista.pl\/index.php\/wp-json\/wp\/v2\/comments?post=26"}],"version-history":[{"count":40,"href":"https:\/\/villavista.pl\/index.php\/wp-json\/wp\/v2\/pages\/26\/revisions"}],"predecessor-version":[{"id":891,"href":"https:\/\/villavista.pl\/index.php\/wp-json\/wp\/v2\/pages\/26\/revisions\/891"}],"wp:featuredmedia":[{"embeddable":true,"href":"https:\/\/villavista.pl\/index.php\/wp-json\/wp\/v2\/media\/620"}],"wp:attachment":[{"href":"https:\/\/villavista.pl\/index.php\/wp-json\/wp\/v2\/media?parent=26"}],"curies":[{"name":"wp","href":"https:\/\/api.w.org\/{rel}","templated":true}]}}