{"id":25,"date":"2019-08-07T17:48:12","date_gmt":"2019-08-07T15:48:12","guid":{"rendered":"http:\/\/villavista.pl\/?page_id=25"},"modified":"2026-01-14T15:30:46","modified_gmt":"2026-01-14T14:30:46","slug":"apartamenty-pokoje-wynajem-zakopane","status":"publish","type":"page","link":"https:\/\/villavista.pl\/index.php\/apartamenty-pokoje-wynajem-zakopane\/","title":{"rendered":"Apartamenty Pokoje Wynajem Zakopane"},"content":{"rendered":"\n<p><strong>Villa Vista Zakopane \u2013 komfortowe apartamenty z saun\u0105 blisko Krup\u00f3wek i Guba\u0142\u00f3wki<\/strong><\/p>\n\n\n\n<p>Z przyjemno\u015bci\u0105 zapraszamy do <strong><a href=\"https:\/\/www.villavista.pl\">Villa Vista Zakopane<\/a><\/strong>, gdzie oferujemy eleganckie <strong><a>apartamenty i pokoje na wynajem w Zakopanem<\/a><\/strong>. Nasze apartamenty wyr\u00f3\u017cniaj\u0105 si\u0119 <strong>przestronno\u015bci\u0105 i komfortem<\/strong>, dzi\u0119ki czemu pobyt staje si\u0119 wyj\u0105tkowy i wygodny. Dodatkowo w ka\u017cdym apartamencie na \u0142\u00f3\u017cku razem z doros\u0142ymi mog\u0105 spa\u0107 r\u00f3wnie\u017c ma\u0142e dzieci, co sprawia, \u017ce nasza oferta jest idealna dla rodzin.<\/p>\n\n\n\n<p>Dzi\u0119ki <strong>doskona\u0142ej lokalizacji Villa Vista Zakopane<\/strong>, nasi go\u015bcie mog\u0105 w pe\u0142ni korzysta\u0107 z atrakcji Zakopanego. Wystarczy kilka minut spacerem, aby dotrze\u0107 do s\u0142ynnych <strong><a>Krup\u00f3wek<\/a><\/strong>. Dlatego po przyje\u017adzie samoch\u00f3d mo\u017cna zostawi\u0107 na naszym <strong>bezp\u0142atnym parkingu<\/strong>, a czas po\u015bwi\u0119cony na stanie w korkach lub p\u0142acenie za parkingi sp\u0119dzi\u0107 na przyjemnych spacerach po mie\u015bcie i okolicznych szlakach.<\/p>\n\n\n\n<p><strong>W okolicy Villa Vista Zakopane znajd\u0105 Pa\u0144stwo wiele atrakcji i miejsc wartych odwiedzenia:<\/strong><\/p>\n\n\n\n<ul class=\"wp-block-list\">\n<li><strong>Krup\u00f3wki<\/strong> \u2013 oko\u0142o 1000 m<\/li>\n\n\n\n<li><strong>R\u00f3wnia Krupowa (SYLWESTER)<\/strong> \u2013 oko\u0142o 700 m<\/li>\n\n\n\n<li><strong>Kolej na Guba\u0142\u00f3wk\u0119<\/strong> \u2013 oko\u0142o 1000 m<\/li>\n\n\n\n<li><strong>Dworzec<\/strong> \u2013 oko\u0142o 900 m<\/li>\n\n\n\n<li><strong>Baseny Termalne<\/strong> \u2013 oko\u0142o 1400 m<\/li>\n<\/ul>\n\n\n\n<p>Dodatkowo, w pobli\u017cu znajduj\u0105 si\u0119 <strong>szlaki turystyczne prowadz\u0105ce na Guba\u0142\u00f3wk\u0119<\/strong>, co pozwala aktywnie sp\u0119dza\u0107 czas na \u0142onie natury, podziwiaj\u0105c przepi\u0119kne widoki Tatr.<\/p>\n\n\n\n<p><strong>Villa Vista Zakopane<\/strong> to miejsce, gdzie <strong>komfort \u0142\u0105czy si\u0119 ze spokojem i doskona\u0142\u0105 lokalizacj\u0105<\/strong>. Dzi\u0119ki temu nasi go\u015bcie mog\u0105 cieszy\u0107 si\u0119 zar\u00f3wno cisz\u0105, jak i blisko\u015bci\u0105 najwa\u017cniejszych atrakcji Zakopanego. Zach\u0119camy do <strong><a>rezerwacji apartament\u00f3w<\/a><\/strong> i sp\u0119dzenia niezapomnianych chwil w sercu Tatr.<\/p>\n\n\n\n<h2 class=\"wp-block-heading\">Villa Vista Apartamenty Pokoje Wynajem Zakopane<\/h2>\n\n\n\n<figure class=\"wp-block-image size-large\"><img loading=\"lazy\" decoding=\"async\" width=\"1024\" height=\"576\" src=\"https:\/\/villavista.pl\/wp-content\/uploads\/2023\/01\/villavistanoczakopana-1024x576.jpg\" alt=\"villa vista zakopane krup\u00f3wki\" class=\"wp-image-600\" srcset=\"https:\/\/villavista.pl\/wp-content\/uploads\/2023\/01\/villavistanoczakopana-1024x576.jpg 1024w, https:\/\/villavista.pl\/wp-content\/uploads\/2023\/01\/villavistanoczakopana-300x169.jpg 300w, https:\/\/villavista.pl\/wp-content\/uploads\/2023\/01\/villavistanoczakopana-768x432.jpg 768w, https:\/\/villavista.pl\/wp-content\/uploads\/2023\/01\/villavistanoczakopana-1536x864.jpg 1536w, https:\/\/villavista.pl\/wp-content\/uploads\/2023\/01\/villavistanoczakopana-2048x1152.jpg 2048w\" sizes=\"auto, (max-width: 767px) 89vw, (max-width: 1000px) 54vw, (max-width: 1071px) 543px, 580px\" \/><figcaption class=\"wp-element-caption\">Apartamenty Villa Vista Zakopane Krup\u00f3wki<\/figcaption><\/figure>\n\n\n\n<figure class=\"wp-block-image size-large\"><img loading=\"lazy\" decoding=\"async\" width=\"1024\" height=\"367\" src=\"https:\/\/villavista.pl\/wp-content\/uploads\/2023\/01\/IMG_20190629_132613-1024x367.jpg\" alt=\"villa vista zakopane apartamenty sauna\" class=\"wp-image-622\" srcset=\"https:\/\/villavista.pl\/wp-content\/uploads\/2023\/01\/IMG_20190629_132613-1024x367.jpg 1024w, https:\/\/villavista.pl\/wp-content\/uploads\/2023\/01\/IMG_20190629_132613-300x107.jpg 300w, https:\/\/villavista.pl\/wp-content\/uploads\/2023\/01\/IMG_20190629_132613-768x275.jpg 768w, https:\/\/villavista.pl\/wp-content\/uploads\/2023\/01\/IMG_20190629_132613.jpg 1500w\" sizes=\"auto, (max-width: 767px) 89vw, (max-width: 1000px) 54vw, (max-width: 1071px) 543px, 580px\" \/><figcaption class=\"wp-element-caption\">villa vista zakopane widok z g\u00f3rnych apartament\u00f3w<\/figcaption><\/figure>\n\n\n\n<figure class=\"wp-block-image size-large\"><img loading=\"lazy\" decoding=\"async\" width=\"1024\" height=\"576\" src=\"https:\/\/villavista.pl\/wp-content\/uploads\/2023\/01\/front-villa-vista-1024x576.jpg\" alt=\"villa vista zakopane apartamenty sauna\" class=\"wp-image-606\" srcset=\"https:\/\/villavista.pl\/wp-content\/uploads\/2023\/01\/front-villa-vista-1024x576.jpg 1024w, https:\/\/villavista.pl\/wp-content\/uploads\/2023\/01\/front-villa-vista-300x169.jpg 300w, https:\/\/villavista.pl\/wp-content\/uploads\/2023\/01\/front-villa-vista-768x432.jpg 768w, https:\/\/villavista.pl\/wp-content\/uploads\/2023\/01\/front-villa-vista-1536x864.jpg 1536w, https:\/\/villavista.pl\/wp-content\/uploads\/2023\/01\/front-villa-vista-2048x1152.jpg 2048w\" sizes=\"auto, (max-width: 767px) 89vw, (max-width: 1000px) 54vw, (max-width: 1071px) 543px, 580px\" \/><figcaption class=\"wp-element-caption\">villa vista zakopane apartamenty sauna<\/figcaption><\/figure>\n\n\n\n<p><\/p>\n","protected":false},"excerpt":{"rendered":"<p>Villa Vista Zakopane \u2013 komfortowe apartamenty z saun\u0105 blisko Krup\u00f3wek i Guba\u0142\u00f3wki Z przyjemno\u015bci\u0105 zapraszamy do Villa Vista Zakopane, gdzie oferujemy eleganckie apartamenty i pokoje na wynajem w Zakopanem. Nasze apartamenty wyr\u00f3\u017cniaj\u0105 si\u0119 przestronno\u015bci\u0105 i komfortem, dzi\u0119ki czemu pobyt staje si\u0119 wyj\u0105tkowy i wygodny. Dodatkowo w ka\u017cdym apartamencie na \u0142\u00f3\u017cku razem z doros\u0142ymi mog\u0105 spa\u0107 &hellip; <\/p>\n<p class=\"link-more\"><a href=\"https:\/\/villavista.pl\/index.php\/apartamenty-pokoje-wynajem-zakopane\/\" class=\"more-link\">Czytaj dalej<span class=\"screen-reader-text\"> \u201eApartamenty Pokoje Wynajem Zakopane\u201d<\/span><\/a><\/p>\n","protected":false},"author":1,"featured_media":804,"parent":0,"menu_order":0,"comment_status":"closed","ping_status":"closed","template":"","meta":{"footnotes":""},"class_list":["post-25","page","type-page","status-publish","has-post-thumbnail","hentry"],"aioseo_notices":[],"_links":{"self":[{"href":"https:\/\/villavista.pl\/index.php\/wp-json\/wp\/v2\/pages\/25","targetHints":{"allow":["GET"]}}],"collection":[{"href":"https:\/\/villavista.pl\/index.php\/wp-json\/wp\/v2\/pages"}],"about":[{"href":"https:\/\/villavista.pl\/index.php\/wp-json\/wp\/v2\/types\/page"}],"author":[{"embeddable":true,"href":"https:\/\/villavista.pl\/index.php\/wp-json\/wp\/v2\/users\/1"}],"replies":[{"embeddable":true,"href":"https:\/\/villavista.pl\/index.php\/wp-json\/wp\/v2\/comments?post=25"}],"version-history":[{"count":22,"href":"https:\/\/villavista.pl\/index.php\/wp-json\/wp\/v2\/pages\/25\/revisions"}],"predecessor-version":[{"id":874,"href":"https:\/\/villavista.pl\/index.php\/wp-json\/wp\/v2\/pages\/25\/revisions\/874"}],"wp:featuredmedia":[{"embeddable":true,"href":"https:\/\/villavista.pl\/index.php\/wp-json\/wp\/v2\/media\/804"}],"wp:attachment":[{"href":"https:\/\/villavista.pl\/index.php\/wp-json\/wp\/v2\/media?parent=25"}],"curies":[{"name":"wp","href":"https:\/\/api.w.org\/{rel}","templated":true}]}}