{"id":21,"date":"2019-08-07T17:48:12","date_gmt":"2019-08-07T15:48:12","guid":{"rendered":"http:\/\/villavista.pl\/?page_id=21"},"modified":"2025-12-19T13:44:14","modified_gmt":"2025-12-19T12:44:14","slug":"apartamenty-villa-vista-zakopane-sauna","status":"publish","type":"page","link":"https:\/\/villavista.pl\/index.php\/apartamenty-villa-vista-zakopane-sauna\/","title":{"rendered":"Apartamenty Villa Vista Zakopane"},"content":{"rendered":"\n<ul class=\"wp-block-list\">\n<li> <a href=\"https:\/\/villavista.pl\/index.php\/apartament-wynajem-zakopane-na-wierchu\/\">Apartament Villa Vista Zakopane Dwupoziomowy \u201eKasprowy Wierch\u201d z SAUN\u0104 <\/a><\/li>\n\n\n\n<li> <a href=\"https:\/\/villavista.pl\/index.php\/wynajem-apartamenty-villa-vista-zakopane-krupowki\/\">Apartament Villa Vista Zakopane De Lux \u201eGuba\u0142\u00f3wka&#8221; z SAUN\u0104 <\/a><\/li>\n\n\n\n<li> <a href=\"https:\/\/villavista.pl\/index.php\/wynajem-apartamentow-villa-vista-zakopane-wrzosowy\/\">Apartament Villa Vista Zakopane Superior \u201eGiewont\u201d z SAUN\u0104 <\/a><\/li>\n\n\n\n<li><a href=\"https:\/\/villavista.pl\/index.php\/villa-vista-zakopane-apartament-morskie-oko\/\">Apartament Villa Vista Zakopane\u201eMorskie Oko\u201d<\/a><\/li>\n\n\n\n<li><a rel=\"noreferrer noopener\" aria-label=\" (otwiera si\u0119 na nowej zak\u0142adce)\" href=\"https:\/\/villavista.pl\/index.php\/villa-vista-pokoje-zakopane-krupowki\/\" target=\"_blank\">Apartament Villa Vista Zakopane \u201eKrup\u00f3wki\u201d<\/a> <\/li>\n\n\n\n<li><a href=\"https:\/\/villavista.pl\/index.php\/apartament-villa-vista-kamieniec-z-aneksem-kuchennym\/\">Apartament Villa Vista Zakopane &#8222;Kamieniec&#8221;<\/a><\/li>\n<\/ul>\n\n\n\n<h2 class=\"wp-block-heading\">Apartamenty Zakopane. Witamy i zapraszamy do Apartament\u00f3w Villa Vista Zakopane<\/h2>\n\n\n<h1 data-start=\"230\" data-end=\"313\">Villa Vista Zakopane \u2013 komfortowe apartamenty z saun\u0105 blisko Krup\u00f3wek i Guba\u0142\u00f3wki<\/h1>\n<p data-start=\"315\" data-end=\"672\">Z przyjemno\u015bci\u0105 zapraszamy do <strong data-start=\"345\" data-end=\"398\"><a class=\"decorated-link\" href=\"https:\/\/www.villavista.pl\" target=\"_new\" rel=\"noopener\" data-start=\"347\" data-end=\"396\">Villa Vista Zakopane<\/a><\/strong>, gdzie oferujemy eleganckie i nowocze\u015bnie wyposa\u017cone <strong data-start=\"452\" data-end=\"531\"><a class=\"decorated-link cursor-pointer\" target=\"_new\" rel=\"noopener\" data-start=\"454\" data-end=\"529\">apartamenty na wynajem w Zakopanem<\/a><\/strong>. Nasze apartamenty wyr\u00f3\u017cniaj\u0105 si\u0119 <strong data-start=\"566\" data-end=\"618\">przestronno\u015bci\u0105, komfortem i pe\u0142nym wyposa\u017ceniem<\/strong>, dzi\u0119ki czemu pobyt u nas jest wyj\u0105tkowy i wygodny.<\/p>\n<h2 data-start=\"674\" data-end=\"709\">Komfort i nowoczesne wyposa\u017cenie<\/h2>\n<p data-start=\"711\" data-end=\"1012\">Ka\u017cdy apartament w <strong data-start=\"730\" data-end=\"754\">Villa Vista Zakopane<\/strong> posiada <strong data-start=\"763\" data-end=\"772\">saun\u0119<\/strong>, du\u017cy <strong data-start=\"779\" data-end=\"833\">telewizor LED Smart TV 65&#8243; z dost\u0119pem do internetu<\/strong> oraz aplikacji takich jak YouTube, Netflix, Ipla i innych. W sypialniach znajd\u0105 Pa\u0144stwo <strong data-start=\"922\" data-end=\"965\">du\u017ce \u0142\u00f3\u017cka z materacami 24 cm EXCLUSIVE<\/strong>, kt\u00f3re zapewniaj\u0105 spokojny i komfortowy sen.<\/p>\n<p data-start=\"1014\" data-end=\"1389\">Dodatkowo w apartamentach znajduj\u0105 si\u0119 <strong data-start=\"1053\" data-end=\"1072\">aneksy kuchenne<\/strong>, umo\u017cliwiaj\u0105ce samodzielne przygotowanie posi\u0142k\u00f3w, a <strong data-start=\"1126\" data-end=\"1185\">\u0142azienki z prysznicami typu deszczownica i termostatami<\/strong> gwarantuj\u0105 przyjemn\u0105 k\u0105piel w sta\u0142ej temperaturze wody. Nasze apartamenty s\u0105 przystosowane do pobytu od dw\u00f3ch do dziesi\u0119ciu os\u00f3b, co czyni je idealnym wyborem zar\u00f3wno dla rodzin, jak i grup przyjaci\u00f3\u0142.<\/p>\n<h2 data-start=\"1391\" data-end=\"1427\">Doskona\u0142a lokalizacja w Zakopanem<\/h2>\n<p data-start=\"1429\" data-end=\"1681\"><strong data-start=\"1429\" data-end=\"1453\">Villa Vista Zakopane<\/strong> znajduje si\u0119 w presti\u017cowej dzielnicy Kamieniec\/Tatary, tu\u017c pod zboczem Guba\u0142\u00f3wki. Za budynkiem rozci\u0105ga si\u0119 las i g\u00f3ra, a czasem mo\u017cna spotka\u0107 jelenie lub bia\u0142e lisy \u2013 to idealne po\u0142\u0105czenie ciszy, spokoju i kontaktu z natur\u0105.<\/p>\n<p data-start=\"1683\" data-end=\"1977\">Dzi\u0119ki blisko\u015bci <strong data-start=\"1700\" data-end=\"1712\">Krup\u00f3wek<\/strong>, <strong data-start=\"1714\" data-end=\"1732\">R\u00f3wni Krupowej<\/strong>, kolei na Guba\u0142\u00f3wk\u0119, dworca i basen\u00f3w termalnych, nasi go\u015bcie mog\u0105 komfortowo zwiedza\u0107 Zakopane pieszo, nie trac\u0105c czasu na korki i op\u0142aty parkingowe. Tu\u017c przy Villa Vista znajduje si\u0119 <strong data-start=\"1918\" data-end=\"1939\">bezp\u0142atny parking<\/strong>, przypisany do ka\u017cdego apartamentu.<\/p>\n<p data-start=\"1979\" data-end=\"2008\"><strong data-start=\"1979\" data-end=\"2006\">Odleg\u0142o\u015bci od atrakcji:<\/strong><\/p>\n<ul data-start=\"2009\" data-end=\"2170\">\n<li data-start=\"2009\" data-end=\"2034\">\n<p data-start=\"2011\" data-end=\"2034\">Krup\u00f3wki \u2013 ok. 1000 m<\/p>\n<\/li>\n<li data-start=\"2035\" data-end=\"2077\">\n<p data-start=\"2037\" data-end=\"2077\">R\u00f3wnia Krupowa (SYLWESTER) \u2013 ok. 700 m<\/p>\n<\/li>\n<li data-start=\"2078\" data-end=\"2113\">\n<p data-start=\"2080\" data-end=\"2113\">Kolej na Guba\u0142\u00f3wk\u0119 \u2013 ok. 1000 m<\/p>\n<\/li>\n<li data-start=\"2114\" data-end=\"2137\">\n<p data-start=\"2116\" data-end=\"2137\">Dworzec \u2013 ok. 900 m<\/p>\n<\/li>\n<li data-start=\"2138\" data-end=\"2170\">\n<p data-start=\"2140\" data-end=\"2170\">Baseny Termalne \u2013 ok. 1400 m<\/p>\n<\/li>\n<\/ul>\n<h2 data-start=\"2172\" data-end=\"2197\">Szlaki piesze i widoki<\/h2>\n<p data-start=\"2199\" data-end=\"2500\">W pobli\u017cu <strong data-start=\"2209\" data-end=\"2233\">Villa Vista Zakopane<\/strong> znajduj\u0105 si\u0119 <strong data-start=\"2247\" data-end=\"2277\">szlaki piesze na Guba\u0142\u00f3wk\u0119<\/strong>, prowadz\u0105ce wprost na g\u00f3r\u0119 z przepi\u0119knym widokiem na panoram\u0119 Zakopanego i Tatry. Piesza w\u0119dr\u00f3wka jest \u0142atwiejsza i przyjemniejsza ni\u017c strome wej\u015bcie przy kolejce, a podczas spaceru mo\u017cna podziwia\u0107 malownicze krajobrazy.<\/p>\n<h2 data-start=\"2502\" data-end=\"2538\">Niezapomniany pobyt w Villa Vista<\/h2>\n<p data-start=\"2540\" data-end=\"2906\"><strong data-start=\"2540\" data-end=\"2564\">Villa Vista Zakopane<\/strong> to miejsce, gdzie komfort, natura i doskona\u0142a lokalizacja spotykaj\u0105 si\u0119 w jednym. Zapraszamy do sp\u0119dzenia wakacji, maj\u00f3wki, weekend\u00f3w, Sylwestra czy \u015awi\u0105t w naszych apartamentach, gdzie pi\u0119kna <strong data-start=\"2758\" data-end=\"2775\">panorama Tatr<\/strong>, blisko\u015b\u0107 <strong data-start=\"2786\" data-end=\"2820\">Krup\u00f3wek i atrakcji Zakopanego<\/strong> oraz przestronno\u015b\u0107 i nowoczesne wyposa\u017cenie sprawi\u0105, \u017ce pobyt b\u0119dzie niezapomniany.<\/p>\n<p data-start=\"2908\" data-end=\"2979\"><strong data-start=\"2908\" data-end=\"2930\">Rezerwuj ju\u017c dzi\u015b:<\/strong> <a class=\"decorated-link\" href=\"https:\/\/www.villavista.pl\" target=\"_new\" rel=\"noopener\" data-start=\"2931\" data-end=\"2977\">www.VillaVista.pl<\/a><\/p>\n\n\n<p>Zamki elektroniczne w apartamentach Villa Vista Zakopane<\/p>\n\n\n\n<p>Dla Pa\u0144stwa wygody ka\u017cdy <strong>apartament w Villa Vista Zakopane<\/strong> wyposa\u017cony jest w <strong>zamek elektroniczny<\/strong>, kt\u00f3ry upraszcza proces zakwaterowania. <strong>Kod do zamka<\/strong> zostanie automatycznie przes\u0142any dzie\u0144 przed przyjazdem przez nasz system, pod warunkiem pe\u0142nej op\u0142aty za rezerwacj\u0119.<\/p>\n\n\n\n<p>Kod dzia\u0142a wy\u0142\u0105cznie w okresie pobytu \u2013 od godziny zameldowania do godziny 10:00 w dniu wyjazdu, co zapewnia bezpiecze\u0144stwo i komfort naszych go\u015bci. Dzi\u0119ki temu mog\u0105 Pa\u0144stwo <strong>bezstresowo i samodzielnie korzysta\u0107 z apartamentu<\/strong>, bez konieczno\u015bci oczekiwania na recepcj\u0119.<\/p>\n","protected":false},"excerpt":{"rendered":"<p>Apartamenty Zakopane. Witamy i zapraszamy do Apartament\u00f3w Villa Vista Zakopane Villa Vista Zakopane \u2013 komfortowe apartamenty z saun\u0105 blisko Krup\u00f3wek i Guba\u0142\u00f3wki Z przyjemno\u015bci\u0105 zapraszamy do Villa Vista Zakopane, gdzie oferujemy eleganckie i nowocze\u015bnie wyposa\u017cone apartamenty na wynajem w Zakopanem. Nasze apartamenty wyr\u00f3\u017cniaj\u0105 si\u0119 przestronno\u015bci\u0105, komfortem i pe\u0142nym wyposa\u017ceniem, dzi\u0119ki czemu pobyt u nas jest &hellip; <\/p>\n<p class=\"link-more\"><a href=\"https:\/\/villavista.pl\/index.php\/apartamenty-villa-vista-zakopane-sauna\/\" class=\"more-link\">Czytaj dalej<span class=\"screen-reader-text\"> \u201eApartamenty Villa Vista Zakopane\u201d<\/span><\/a><\/p>\n","protected":false},"author":1,"featured_media":801,"parent":0,"menu_order":0,"comment_status":"closed","ping_status":"closed","template":"","meta":{"footnotes":""},"class_list":["post-21","page","type-page","status-publish","has-post-thumbnail","hentry"],"aioseo_notices":[],"_links":{"self":[{"href":"https:\/\/villavista.pl\/index.php\/wp-json\/wp\/v2\/pages\/21","targetHints":{"allow":["GET"]}}],"collection":[{"href":"https:\/\/villavista.pl\/index.php\/wp-json\/wp\/v2\/pages"}],"about":[{"href":"https:\/\/villavista.pl\/index.php\/wp-json\/wp\/v2\/types\/page"}],"author":[{"embeddable":true,"href":"https:\/\/villavista.pl\/index.php\/wp-json\/wp\/v2\/users\/1"}],"replies":[{"embeddable":true,"href":"https:\/\/villavista.pl\/index.php\/wp-json\/wp\/v2\/comments?post=21"}],"version-history":[{"count":20,"href":"https:\/\/villavista.pl\/index.php\/wp-json\/wp\/v2\/pages\/21\/revisions"}],"predecessor-version":[{"id":877,"href":"https:\/\/villavista.pl\/index.php\/wp-json\/wp\/v2\/pages\/21\/revisions\/877"}],"wp:featuredmedia":[{"embeddable":true,"href":"https:\/\/villavista.pl\/index.php\/wp-json\/wp\/v2\/media\/801"}],"wp:attachment":[{"href":"https:\/\/villavista.pl\/index.php\/wp-json\/wp\/v2\/media?parent=21"}],"curies":[{"name":"wp","href":"https:\/\/api.w.org\/{rel}","templated":true}]}}