{"id":2,"date":"2019-08-07T14:18:07","date_gmt":"2019-08-07T12:18:07","guid":{"rendered":"http:\/\/villavista.pl\/?page_id=2"},"modified":"2025-12-19T14:15:59","modified_gmt":"2025-12-19T13:15:59","slug":"villa-vista-apartamenty-zakopane-krupowki","status":"publish","type":"page","link":"https:\/\/villavista.pl\/index.php\/villa-vista-apartamenty-zakopane-krupowki\/","title":{"rendered":"Villa Vista Apartamenty Zakopane Krup\u00f3wki Guba\u0142\u00f3wka"},"content":{"rendered":"\n<p><strong>Villa Vista Apartamenty \u2013 komfort i natura w sercu Zakopanego<\/strong><\/p>\n\n\n\n<h2 class=\"wp-block-heading\">Villa Vista Apartamenty &amp; SAUNA Zakopane \u2013 komfortowy nocleg w sercu Tatr<\/h2>\n\n\n\n<p><strong>Villa Vista Apartamenty &amp; SAUNA Zakopane<\/strong> to nowoczesny obiekt po\u0142o\u017cony w jednej z najpi\u0119kniejszych dzielnic Zakopanego \u2013 <strong>Kamieniec\/Tatary<\/strong>. Nasze apartamenty znajduj\u0105 si\u0119 tu\u017c pod zboczem <strong>Guba\u0142\u00f3wki<\/strong>, dzi\u0119ki czemu go\u015bcie mog\u0105 cieszy\u0107 si\u0119 <strong>przepi\u0119knymi widokami na Tatry<\/strong> i bezpo\u015brednim kontaktem z przyrod\u0105. W otoczeniu lasu i g\u00f3rskich stok\u00f3w pobyt w Villa Vista jest wyj\u0105tkowo relaksuj\u0105cy \u2013 czasami mo\u017cna tu spotka\u0107 jelenie, a nawet bia\u0142e lisy.<\/p>\n\n\n\n<hr class=\"wp-block-separator has-alpha-channel-opacity\"\/>\n\n\n\n<h2 class=\"wp-block-heading\">Dlaczego warto wybra\u0107 Villa Vista Apartamenty &amp; SAUNA Zakopane?<\/h2>\n\n\n\n<ul class=\"wp-block-list\">\n<li><strong>Blisko\u015b\u0107 centrum Zakopanego i Krup\u00f3wek<\/strong> \u2013 spacer do najwa\u017cniejszych atrakcji zajmuje zaledwie kilka minut.<\/li>\n\n\n\n<li><strong>Bezpo\u015bredni kontakt z natur\u0105<\/strong> \u2013 las i stoki Guba\u0142\u00f3wki tu\u017c za budynkiem zapewniaj\u0105 spok\u00f3j i relaks.<\/li>\n\n\n\n<li><strong>Bezp\u0142atny parking dla go\u015bci<\/strong> \u2013 jedno miejsce przypisane do ka\u017cdego apartamentu.<\/li>\n\n\n\n<li><strong>Sauna dla go\u015bci<\/strong> \u2013 idealne miejsce na relaks po g\u00f3rskich w\u0119dr\u00f3wkach lub zimowych szale\u0144stwach.<\/li>\n\n\n\n<li><strong>Komfortowe apartamenty<\/strong> \u2013 sze\u015b\u0107 przestronnych, w pe\u0142ni wyposa\u017conych mieszka\u0144 idealnych dla rodzin i os\u00f3b szukaj\u0105cych ciszy.<\/li>\n<\/ul>\n\n\n\n<hr class=\"wp-block-separator has-alpha-channel-opacity\"\/>\n\n\n\n<h2 class=\"wp-block-heading\">Lokalizacja Villa Vista w Zakopanem \u2013 najlepsza baza do zwiedzania<\/h2>\n\n\n\n<p><strong>Villa Vista Apartamenty &amp; SAUNA Zakopane<\/strong> to doskona\u0142e miejsce zar\u00f3wno dla mi\u0142o\u015bnik\u00f3w aktywnego wypoczynku, jak i os\u00f3b szukaj\u0105cych spokoju. Dzi\u0119ki wygodnej komunikacji pieszej i dogodnemu dojazdowi samochodem, wszystkie atrakcje Zakopanego s\u0105 na wyci\u0105gni\u0119cie r\u0119ki:<\/p>\n\n\n\n<h3 class=\"wp-block-heading\">Odleg\u0142o\u015bci od popularnych atrakcji:<\/h3>\n\n\n\n<ul class=\"wp-block-list\">\n<li><strong>Krup\u00f3wki<\/strong> \u2013 ok. 900\u202fm<\/li>\n\n\n\n<li><strong>Centrum Zakopanego<\/strong> \u2013 ok. 900\u20131000\u202fm<\/li>\n\n\n\n<li><strong>R\u00f3wnia Krupowa<\/strong> \u2013 ok. 700\u202fm<\/li>\n\n\n\n<li><strong>Kolej linowo\u2011terenowa na Guba\u0142\u00f3wk\u0119<\/strong> \u2013 ok. 900\u202fm<\/li>\n\n\n\n<li><strong>Aqua Park Zakopane \/ baseny termalne<\/strong> \u2013 ok. 1,4\u202fkm<\/li>\n\n\n\n<li><strong>Szlaki g\u00f3rskie i trekkingowe<\/strong> \u2013 bezpo\u015brednio przy obiekcie<\/li>\n\n\n\n<li><strong>Deptak nad rzek\u0105 Zakopiank\u0105<\/strong> \u2013 ok. 50\u202fm<\/li>\n<\/ul>\n\n\n\n<hr class=\"wp-block-separator has-alpha-channel-opacity\"\/>\n\n\n\n<h2 class=\"wp-block-heading\">Villa Vista Apartamenty &amp; SAUNA \u2013 idealny nocleg w Zakopanem<\/h2>\n\n\n\n<p>Wybieraj\u0105c <strong>Villa Vista Apartamenty &amp; SAUNA Zakopane<\/strong>, otrzymujesz:<\/p>\n\n\n\n<ul class=\"wp-block-list\">\n<li>komfortowe <strong>apartamenty z widokiem na Tatry<\/strong>,<\/li>\n\n\n\n<li>blisko\u015b\u0107 <strong>atrakcji turystycznych i Krup\u00f3wek<\/strong>,<\/li>\n\n\n\n<li>mo\u017cliwo\u015b\u0107 relaksu w <strong>saunie<\/strong>,<\/li>\n\n\n\n<li>kontakt z natur\u0105 i spok\u00f3j w sercu g\u00f3r.<\/li>\n<\/ul>\n\n\n\n<p><strong>Villa Vista Zakopane<\/strong> to idealny wyb\u00f3r na <strong>nocleg w Zakopanem dla rodzin, par i grup przyjaci\u00f3\u0142<\/strong>, kt\u00f3rzy szukaj\u0105 komfortu, wygody i niezapomnianych widok\u00f3w.<\/p>\n\n\n\n<figure class=\"wp-block-gallery has-nested-images columns-default is-cropped wp-block-gallery-1 is-layout-flex wp-block-gallery-is-layout-flex\">\n<figure class=\"wp-block-image size-full\"><img loading=\"lazy\" decoding=\"async\" width=\"922\" height=\"692\" data-id=\"604\" src=\"https:\/\/villavista.pl\/wp-content\/uploads\/2023\/01\/vista.jpg\" alt=\"villa vista zakopane\" class=\"wp-image-604\" srcset=\"https:\/\/villavista.pl\/wp-content\/uploads\/2023\/01\/vista.jpg 922w, https:\/\/villavista.pl\/wp-content\/uploads\/2023\/01\/vista-300x225.jpg 300w, https:\/\/villavista.pl\/wp-content\/uploads\/2023\/01\/vista-768x576.jpg 768w\" sizes=\"auto, (max-width: 767px) 89vw, (max-width: 1000px) 54vw, (max-width: 1071px) 543px, 580px\" \/><figcaption class=\"wp-element-caption\">Apartamenty Villa Vista Apartamenty &amp; SAUNA Zakopane<\/figcaption><\/figure>\n<figcaption class=\"blocks-gallery-caption wp-element-caption\">Villa Vista<\/figcaption><\/figure>\n\n\n\n<figure class=\"wp-block-image size-large\"><img loading=\"lazy\" decoding=\"async\" width=\"1024\" height=\"367\" src=\"https:\/\/villavista.pl\/wp-content\/uploads\/2023\/01\/IMG_20190629_132613-1024x367.jpg\" alt=\"villa vista zakopane apartamenty sauna\" class=\"wp-image-622\" srcset=\"https:\/\/villavista.pl\/wp-content\/uploads\/2023\/01\/IMG_20190629_132613-1024x367.jpg 1024w, https:\/\/villavista.pl\/wp-content\/uploads\/2023\/01\/IMG_20190629_132613-300x107.jpg 300w, https:\/\/villavista.pl\/wp-content\/uploads\/2023\/01\/IMG_20190629_132613-768x275.jpg 768w, https:\/\/villavista.pl\/wp-content\/uploads\/2023\/01\/IMG_20190629_132613.jpg 1500w\" sizes=\"auto, (max-width: 767px) 89vw, (max-width: 1000px) 54vw, (max-width: 1071px) 543px, 580px\" \/><figcaption class=\"wp-element-caption\">Villa Vista Zakopane widok z g\u00f3rnych apartament\u00f3w<\/figcaption><\/figure>\n\n\n\n<figure class=\"wp-block-image size-large\"><img loading=\"lazy\" decoding=\"async\" width=\"1024\" height=\"576\" src=\"https:\/\/villavista.pl\/wp-content\/uploads\/2023\/01\/taras-sloneczny-1-1024x576.jpg\" alt=\"taras s\u0142oneczny villa vista zakopane\" class=\"wp-image-616\" title=\"Villa vista Zakopane\" srcset=\"https:\/\/villavista.pl\/wp-content\/uploads\/2023\/01\/taras-sloneczny-1-1024x576.jpg 1024w, https:\/\/villavista.pl\/wp-content\/uploads\/2023\/01\/taras-sloneczny-1-300x169.jpg 300w, https:\/\/villavista.pl\/wp-content\/uploads\/2023\/01\/taras-sloneczny-1-768x432.jpg 768w, https:\/\/villavista.pl\/wp-content\/uploads\/2023\/01\/taras-sloneczny-1-1536x864.jpg 1536w, https:\/\/villavista.pl\/wp-content\/uploads\/2023\/01\/taras-sloneczny-1-2048x1152.jpg 2048w\" sizes=\"auto, (max-width: 767px) 89vw, (max-width: 1000px) 54vw, (max-width: 1071px) 543px, 580px\" \/><figcaption class=\"wp-element-caption\">Taras s\u0142oneczny Villa Vista Zakopane<\/figcaption><\/figure>\n\n\n\n<figure class=\"wp-block-image size-large\"><img loading=\"lazy\" decoding=\"async\" width=\"1024\" height=\"576\" src=\"https:\/\/villavista.pl\/wp-content\/uploads\/2023\/01\/front-villa-vista-1024x576.jpg\" alt=\"villa vista zakopane apartamenty\" class=\"wp-image-606\" srcset=\"https:\/\/villavista.pl\/wp-content\/uploads\/2023\/01\/front-villa-vista-1024x576.jpg 1024w, https:\/\/villavista.pl\/wp-content\/uploads\/2023\/01\/front-villa-vista-300x169.jpg 300w, https:\/\/villavista.pl\/wp-content\/uploads\/2023\/01\/front-villa-vista-768x432.jpg 768w, https:\/\/villavista.pl\/wp-content\/uploads\/2023\/01\/front-villa-vista-1536x864.jpg 1536w, https:\/\/villavista.pl\/wp-content\/uploads\/2023\/01\/front-villa-vista-2048x1152.jpg 2048w\" sizes=\"auto, (max-width: 767px) 89vw, (max-width: 1000px) 54vw, (max-width: 1071px) 543px, 580px\" \/><figcaption class=\"wp-element-caption\">Zakopane Villa Vista Apartamenty Guba\u0142\u00f3wka Krup\u00f3wki<\/figcaption><\/figure>\n\n\n\n<figure class=\"wp-block-gallery has-nested-images columns-default is-cropped wp-block-gallery-2 is-layout-flex wp-block-gallery-is-layout-flex\">\n<figure class=\"wp-block-image size-large\"><img loading=\"lazy\" decoding=\"async\" width=\"1024\" height=\"576\" data-id=\"614\" src=\"https:\/\/villavista.pl\/wp-content\/uploads\/2023\/01\/book-taras-sloneczny-1024x576.jpg\" alt=\"\" class=\"wp-image-614\" srcset=\"https:\/\/villavista.pl\/wp-content\/uploads\/2023\/01\/book-taras-sloneczny-1024x576.jpg 1024w, https:\/\/villavista.pl\/wp-content\/uploads\/2023\/01\/book-taras-sloneczny-300x169.jpg 300w, https:\/\/villavista.pl\/wp-content\/uploads\/2023\/01\/book-taras-sloneczny-768x432.jpg 768w, https:\/\/villavista.pl\/wp-content\/uploads\/2023\/01\/book-taras-sloneczny-1536x864.jpg 1536w, https:\/\/villavista.pl\/wp-content\/uploads\/2023\/01\/book-taras-sloneczny-2048x1152.jpg 2048w\" sizes=\"auto, (max-width: 767px) 89vw, (max-width: 1000px) 54vw, (max-width: 1071px) 543px, 580px\" \/><figcaption class=\"wp-element-caption\">Villa Vista Zakopane<\/figcaption><\/figure>\n<figcaption class=\"blocks-gallery-caption wp-element-caption\">Taras S\u0142oneczny<\/figcaption><\/figure>\n\n\n\n<figure class=\"wp-block-image size-large\"><img loading=\"lazy\" decoding=\"async\" width=\"1024\" height=\"576\" src=\"https:\/\/villavista.pl\/wp-content\/uploads\/2023\/01\/villavistanoczakopana-1024x576.jpg\" alt=\"villa vista zakopane krup\u00f3wki\" class=\"wp-image-600\" srcset=\"https:\/\/villavista.pl\/wp-content\/uploads\/2023\/01\/villavistanoczakopana-1024x576.jpg 1024w, https:\/\/villavista.pl\/wp-content\/uploads\/2023\/01\/villavistanoczakopana-300x169.jpg 300w, https:\/\/villavista.pl\/wp-content\/uploads\/2023\/01\/villavistanoczakopana-768x432.jpg 768w, https:\/\/villavista.pl\/wp-content\/uploads\/2023\/01\/villavistanoczakopana-1536x864.jpg 1536w, https:\/\/villavista.pl\/wp-content\/uploads\/2023\/01\/villavistanoczakopana-2048x1152.jpg 2048w\" sizes=\"auto, (max-width: 767px) 89vw, (max-width: 1000px) 54vw, (max-width: 1071px) 543px, 580px\" \/><figcaption class=\"wp-element-caption\">Guba\u0142\u00f3wka Villa Vista  Zakopane Krup\u00f3wki <\/figcaption><\/figure>\n\n\n\n<p><em>Na tarasie Villa Vista w Zakopanem mo\u017cna zawsze wypi\u0107 porann\u0105 kaw\u0119.<\/em><\/p>\n\n\n\n<figure class=\"wp-block-image\"><img loading=\"lazy\" decoding=\"async\" width=\"1024\" height=\"760\" src=\"https:\/\/villavista.pl\/wp-content\/uploads\/2019\/08\/20190726_163043-1024x760.jpg\" alt=\"villa vista taras\" class=\"wp-image-151\" srcset=\"https:\/\/villavista.pl\/wp-content\/uploads\/2019\/08\/20190726_163043-1024x760.jpg 1024w, https:\/\/villavista.pl\/wp-content\/uploads\/2019\/08\/20190726_163043-300x223.jpg 300w, https:\/\/villavista.pl\/wp-content\/uploads\/2019\/08\/20190726_163043-768x570.jpg 768w, https:\/\/villavista.pl\/wp-content\/uploads\/2019\/08\/20190726_163043.jpg 1400w\" sizes=\"auto, (max-width: 767px) 89vw, (max-width: 1000px) 54vw, (max-width: 1071px) 543px, 580px\" \/><figcaption class=\"wp-element-caption\"> Taras Villa Vista Zakopane Guba\u0142\u00f3wka Krup\u00f3wki<\/figcaption><\/figure>\n\n\n\n<figure class=\"wp-block-image\"><img loading=\"lazy\" decoding=\"async\" width=\"1024\" height=\"572\" src=\"https:\/\/villavista.pl\/wp-content\/uploads\/2019\/08\/20190728_130816-1024x572.jpg\" alt=\"taras zakopane villa vista\" class=\"wp-image-152\" srcset=\"https:\/\/villavista.pl\/wp-content\/uploads\/2019\/08\/20190728_130816-1024x572.jpg 1024w, https:\/\/villavista.pl\/wp-content\/uploads\/2019\/08\/20190728_130816-300x168.jpg 300w, https:\/\/villavista.pl\/wp-content\/uploads\/2019\/08\/20190728_130816-768x429.jpg 768w, https:\/\/villavista.pl\/wp-content\/uploads\/2019\/08\/20190728_130816.jpg 1400w\" sizes=\"auto, (max-width: 767px) 89vw, (max-width: 1000px) 54vw, (max-width: 1071px) 543px, 580px\" \/><figcaption class=\"wp-element-caption\"> Wypoczynek Villa Vista Apartamenty Taras Guba\u0142\u00f3wka Krup\u00f3wki <\/figcaption><\/figure>\n\n\n\n<figure class=\"wp-block-image\"><img loading=\"lazy\" decoding=\"async\" width=\"1024\" height=\"572\" src=\"https:\/\/villavista.pl\/wp-content\/uploads\/2019\/08\/20190728_130756-1024x572.jpg\" alt=\"villa vista taras\" class=\"wp-image-153\" srcset=\"https:\/\/villavista.pl\/wp-content\/uploads\/2019\/08\/20190728_130756-1024x572.jpg 1024w, https:\/\/villavista.pl\/wp-content\/uploads\/2019\/08\/20190728_130756-300x168.jpg 300w, https:\/\/villavista.pl\/wp-content\/uploads\/2019\/08\/20190728_130756-768x429.jpg 768w, https:\/\/villavista.pl\/wp-content\/uploads\/2019\/08\/20190728_130756.jpg 1400w\" sizes=\"auto, (max-width: 767px) 89vw, (max-width: 1000px) 54vw, (max-width: 1071px) 543px, 580px\" \/><figcaption class=\"wp-element-caption\"> Krup\u00f3wki Villa Vista Tarasy Zakopane Guba\u0142\u00f3wka<\/figcaption><\/figure>\n\n\n\n<figure class=\"wp-block-image\"><img loading=\"lazy\" decoding=\"async\" width=\"1024\" height=\"572\" src=\"https:\/\/villavista.pl\/wp-content\/uploads\/2019\/08\/20190728_102943-1024x572.jpg\" alt=\"villa vista zakopane \" class=\"wp-image-154\" srcset=\"https:\/\/villavista.pl\/wp-content\/uploads\/2019\/08\/20190728_102943-1024x572.jpg 1024w, https:\/\/villavista.pl\/wp-content\/uploads\/2019\/08\/20190728_102943-300x168.jpg 300w, https:\/\/villavista.pl\/wp-content\/uploads\/2019\/08\/20190728_102943-768x429.jpg 768w, https:\/\/villavista.pl\/wp-content\/uploads\/2019\/08\/20190728_102943.jpg 1400w\" sizes=\"auto, (max-width: 767px) 89vw, (max-width: 1000px) 54vw, (max-width: 1071px) 543px, 580px\" \/><figcaption class=\"wp-element-caption\"> Wej\u015bcie Villa Vista Apartamenty Zakopane Guba\u0142\u00f3wka Krup\u00f3wki <\/figcaption><\/figure>\n\n\n\n<p><em>Z g\u00f3rnych Apartament\u00f3w Villa Vista roztacza si\u0119 przepi\u0119kny widok na Panoram\u0119 Tatr.<\/em><\/p>\n\n\n\n<figure class=\"wp-block-image\"><img loading=\"lazy\" decoding=\"async\" width=\"1024\" height=\"366\" src=\"https:\/\/villavista.pl\/wp-content\/uploads\/2019\/08\/IMG_20190629_132613-3-1024x366.jpg\" alt=\"villa vista widok na tatry z okien\" class=\"wp-image-155\" srcset=\"https:\/\/villavista.pl\/wp-content\/uploads\/2019\/08\/IMG_20190629_132613-3-1024x366.jpg 1024w, https:\/\/villavista.pl\/wp-content\/uploads\/2019\/08\/IMG_20190629_132613-3-300x107.jpg 300w, https:\/\/villavista.pl\/wp-content\/uploads\/2019\/08\/IMG_20190629_132613-3-768x275.jpg 768w, https:\/\/villavista.pl\/wp-content\/uploads\/2019\/08\/IMG_20190629_132613-3.jpg 1400w\" sizes=\"auto, (max-width: 767px) 89vw, (max-width: 1000px) 54vw, (max-width: 1071px) 543px, 580px\" \/><figcaption class=\"wp-element-caption\">Villa Vista Zakopane Panorama Tatr<\/figcaption><\/figure>\n\n\n\n<p><em>Tu\u017c przy ulicy przep\u0142ywa wartka g\u00f3rska rzeka Zakopianka wzd\u0142u\u017c kt\u00f3rej mo\u017cna spacerowa\u0107.<\/em> Podczas wolnego czasu polecamy spacer nad rzek\u0105.<\/p>\n\n\n\n<figure class=\"wp-block-image\"><img loading=\"lazy\" decoding=\"async\" width=\"1024\" height=\"572\" src=\"https:\/\/villavista.pl\/wp-content\/uploads\/2019\/08\/villavista2-1024x572.jpg\" alt=\"villa vista Zakopane rzeka Zakopianka\" class=\"wp-image-158\" srcset=\"https:\/\/villavista.pl\/wp-content\/uploads\/2019\/08\/villavista2-1024x572.jpg 1024w, https:\/\/villavista.pl\/wp-content\/uploads\/2019\/08\/villavista2-300x168.jpg 300w, https:\/\/villavista.pl\/wp-content\/uploads\/2019\/08\/villavista2-768x429.jpg 768w, https:\/\/villavista.pl\/wp-content\/uploads\/2019\/08\/villavista2.jpg 1400w\" sizes=\"auto, (max-width: 767px) 89vw, (max-width: 1000px) 54vw, (max-width: 1071px) 543px, 580px\" \/><figcaption class=\"wp-element-caption\">Villa Vista Apartamenty rzeka Zakopianka Guba\u0142\u00f3wka<\/figcaption><\/figure>\n\n\n\n<figure class=\"wp-block-image\"><img loading=\"lazy\" decoding=\"async\" width=\"1024\" height=\"572\" src=\"https:\/\/villavista.pl\/wp-content\/uploads\/2019\/08\/villavista-1024x572.jpg\" alt=\"Villa Vista Zakopane Guba\u0142\u00f3wka\" class=\"wp-image-159\" srcset=\"https:\/\/villavista.pl\/wp-content\/uploads\/2019\/08\/villavista-1024x572.jpg 1024w, https:\/\/villavista.pl\/wp-content\/uploads\/2019\/08\/villavista-300x168.jpg 300w, https:\/\/villavista.pl\/wp-content\/uploads\/2019\/08\/villavista-768x429.jpg 768w, https:\/\/villavista.pl\/wp-content\/uploads\/2019\/08\/villavista.jpg 1400w\" sizes=\"auto, (max-width: 767px) 89vw, (max-width: 1000px) 54vw, (max-width: 1071px) 543px, 580px\" \/><figcaption class=\"wp-element-caption\">Villa Vista Zakopane Guba\u0142\u00f3wka<\/figcaption><\/figure>\n\n\n\n<p>Godne uwagi s\u0105 <strong>szlaki piesze na Guba\u0142\u00f3wk\u0119<\/strong>, kt\u00f3re zaczynaj\u0105 si\u0119 tu\u017c przy <strong>Villa Vista Zakopane<\/strong>. Prowadz\u0105 prosto na g\u00f3r\u0119, z kt\u00f3rej roztacza si\u0119 <strong>przepi\u0119kny widok na panoram\u0119 Zakopanego<\/strong> i Tatry, zapewniaj\u0105c niezapomniane wra\u017cenia.<\/p>\n\n\n\n<p>Z Villa Vista mo\u017cna <strong>bezpo\u015brednio wej\u015b\u0107 na szlaki piesze<\/strong>, co sprawia, \u017ce droga jest znacznie \u0142atwiejsza i przyjemniejsza ni\u017c strome wej\u015bcie przy kolejce na Guba\u0142\u00f3wk\u0119. Podczas pieszej w\u0119dr\u00f3wki mo\u017cna r\u00f3wnie\u017c podziwia\u0107 <strong>malownicze krajobrazy i panoram\u0119 Tatr<\/strong>, co dodatkowo uprzyjemnia spacer.<\/p>\n\n\n\n<p>Dlatego, wed\u0142ug nas, <strong>piesze wej\u015bcie na Guba\u0142\u00f3wk\u0119 jest ciekawsz\u0105 i zdrowsz\u0105 alternatyw\u0105<\/strong> ni\u017c wjazd kolejk\u0105. W ko\u0144cu ruch to zdrowie, a pi\u0119kne widoki wynagradzaj\u0105 ka\u017cdy krok!<\/p>\n\n\n\n<figure class=\"wp-block-image\"><img loading=\"lazy\" decoding=\"async\" width=\"1024\" height=\"572\" src=\"https:\/\/villavista.pl\/wp-content\/uploads\/2019\/08\/IMG_20181006_130327-1024x572.jpg\" alt=\"Villa Vista szlaki na Guba\u0142\u00f3wk\u0119\" class=\"wp-image-160\" srcset=\"https:\/\/villavista.pl\/wp-content\/uploads\/2019\/08\/IMG_20181006_130327-1024x572.jpg 1024w, https:\/\/villavista.pl\/wp-content\/uploads\/2019\/08\/IMG_20181006_130327-300x168.jpg 300w, https:\/\/villavista.pl\/wp-content\/uploads\/2019\/08\/IMG_20181006_130327-768x429.jpg 768w, https:\/\/villavista.pl\/wp-content\/uploads\/2019\/08\/IMG_20181006_130327.jpg 1400w\" sizes=\"auto, (max-width: 767px) 89vw, (max-width: 1000px) 54vw, (max-width: 1071px) 543px, 580px\" \/><figcaption class=\"wp-element-caption\">Villa Vista Guba\u0142\u00f3wka<\/figcaption><\/figure>\n\n\n\n<figure class=\"wp-block-image\"><img loading=\"lazy\" decoding=\"async\" width=\"1024\" height=\"572\" src=\"https:\/\/villavista.pl\/wp-content\/uploads\/2019\/08\/IMG_20181006_131644-1024x572.jpg\" alt=\"Widok z Guba\u0142\u00f3wki Zakopane\" class=\"wp-image-161\" srcset=\"https:\/\/villavista.pl\/wp-content\/uploads\/2019\/08\/IMG_20181006_131644-1024x572.jpg 1024w, https:\/\/villavista.pl\/wp-content\/uploads\/2019\/08\/IMG_20181006_131644-300x168.jpg 300w, https:\/\/villavista.pl\/wp-content\/uploads\/2019\/08\/IMG_20181006_131644-768x429.jpg 768w, https:\/\/villavista.pl\/wp-content\/uploads\/2019\/08\/IMG_20181006_131644.jpg 1400w\" sizes=\"auto, (max-width: 767px) 89vw, (max-width: 1000px) 54vw, (max-width: 1071px) 543px, 580px\" \/><figcaption class=\"wp-element-caption\">Villa Vista Zakopane Guba\u0142\u00f3wka<\/figcaption><\/figure>\n\n\n\n<figure class=\"wp-block-image\"><img loading=\"lazy\" decoding=\"async\" width=\"1024\" height=\"572\" src=\"https:\/\/villavista.pl\/wp-content\/uploads\/2019\/08\/IMG_20181006_145307-1024x572.jpg\" alt=\"Guba\u0142\u00f3wka\" class=\"wp-image-162\" srcset=\"https:\/\/villavista.pl\/wp-content\/uploads\/2019\/08\/IMG_20181006_145307-1024x572.jpg 1024w, https:\/\/villavista.pl\/wp-content\/uploads\/2019\/08\/IMG_20181006_145307-300x168.jpg 300w, https:\/\/villavista.pl\/wp-content\/uploads\/2019\/08\/IMG_20181006_145307-768x429.jpg 768w, https:\/\/villavista.pl\/wp-content\/uploads\/2019\/08\/IMG_20181006_145307.jpg 1400w\" sizes=\"auto, (max-width: 767px) 89vw, (max-width: 1000px) 54vw, (max-width: 1071px) 543px, 580px\" \/><figcaption class=\"wp-element-caption\">Guba\u0142\u00f3wka<\/figcaption><\/figure>\n\n\n\n<h2 class=\"wp-block-heading\">Mapka Villa Vista Zakopane &#8211; Krup\u00f3wki &#8211; Guba\u0142\u00f3wka<\/h2>\n\n\n\n<figure class=\"wp-block-image\"><img loading=\"lazy\" decoding=\"async\" width=\"800\" height=\"571\" src=\"https:\/\/villavista.pl\/wp-content\/uploads\/2019\/08\/mapka.jpg\" alt=\"Mapa Villa Vista Zakopane\" class=\"wp-image-165\" srcset=\"https:\/\/villavista.pl\/wp-content\/uploads\/2019\/08\/mapka.jpg 800w, https:\/\/villavista.pl\/wp-content\/uploads\/2019\/08\/mapka-300x214.jpg 300w, https:\/\/villavista.pl\/wp-content\/uploads\/2019\/08\/mapka-768x548.jpg 768w\" sizes=\"auto, (max-width: 767px) 89vw, (max-width: 1000px) 54vw, (max-width: 1071px) 543px, 580px\" \/><figcaption class=\"wp-element-caption\">Villa Vista Krup\u00f3wki<\/figcaption><\/figure>\n\n\n\n<p><strong>Doskona\u0142a lokalizacja Villa Vista Zakopane<\/strong><\/p>\n\n\n\n<p>Jak wida\u0107 na mapie, <strong>Villa Vista Zakopane<\/strong> znajduje si\u0119 w doskona\u0142ej lokalizacji \u2013 blisko <strong>Krup\u00f3wek<\/strong> i <strong>R\u00f3wni Krupowej<\/strong>. Dlatego nasze <strong>apartamenty w Zakopanem<\/strong> s\u0105 idealnym wyborem zar\u00f3wno dla os\u00f3b pragn\u0105cych aktywnie zwiedza\u0107 miasto, jak i dla tych, kt\u00f3rzy szukaj\u0105 spokoju i komfortu.<\/p>\n\n\n\n<p>Na <strong>R\u00f3wni Krupowej<\/strong> organizowane s\u0105 liczne festyny i imprezy okoliczno\u015bciowe, a dzi\u0119ki blisko\u015bci Villa Vista mo\u017cna tam dotrze\u0107 pieszo w kilka minut. Z pewno\u015bci\u0105 pobyt w naszych apartamentach w po\u0142\u0105czeniu z zabaw\u0105 na R\u00f3wni Krupowej, na przyk\u0142ad podczas Sylwestra, zapewni Pa\u0144stwu niezapomniane wra\u017cenia.<\/p>\n\n\n\n<p>Bez w\u0105tpienia <strong>wypoczynek w Villa Vista Zakopane<\/strong> b\u0119dzie udany i komfortowy, a po dniu pe\u0142nym atrakcji mo\u017cna wr\u00f3ci\u0107 do przestronnych i w pe\u0142ni wyposa\u017conych apartament\u00f3w, aby odpocz\u0105\u0107 w spokojnej atmosferze.<\/p>\n\n\n<p><script defer async src='https:\/\/cdn.trustindex.io\/loader-cert.js?0f47b5c153ca068d38568254b83'><\/script><\/p>\n","protected":false},"excerpt":{"rendered":"<p>Villa Vista Apartamenty \u2013 komfort i natura w sercu Zakopanego Villa Vista Apartamenty &amp; SAUNA Zakopane \u2013 komfortowy nocleg w sercu Tatr Villa Vista Apartamenty &amp; SAUNA Zakopane to nowoczesny obiekt po\u0142o\u017cony w jednej z najpi\u0119kniejszych dzielnic Zakopanego \u2013 Kamieniec\/Tatary. Nasze apartamenty znajduj\u0105 si\u0119 tu\u017c pod zboczem Guba\u0142\u00f3wki, dzi\u0119ki czemu go\u015bcie mog\u0105 cieszy\u0107 si\u0119 przepi\u0119knymi &hellip; <\/p>\n<p class=\"link-more\"><a href=\"https:\/\/villavista.pl\/index.php\/villa-vista-apartamenty-zakopane-krupowki\/\" class=\"more-link\">Czytaj dalej<span class=\"screen-reader-text\"> \u201eVilla Vista Apartamenty Zakopane Krup\u00f3wki Guba\u0142\u00f3wka\u201d<\/span><\/a><\/p>\n","protected":false},"author":1,"featured_media":600,"parent":0,"menu_order":0,"comment_status":"closed","ping_status":"open","template":"","meta":{"footnotes":""},"class_list":["post-2","page","type-page","status-publish","has-post-thumbnail","hentry"],"aioseo_notices":[],"_links":{"self":[{"href":"https:\/\/villavista.pl\/index.php\/wp-json\/wp\/v2\/pages\/2","targetHints":{"allow":["GET"]}}],"collection":[{"href":"https:\/\/villavista.pl\/index.php\/wp-json\/wp\/v2\/pages"}],"about":[{"href":"https:\/\/villavista.pl\/index.php\/wp-json\/wp\/v2\/types\/page"}],"author":[{"embeddable":true,"href":"https:\/\/villavista.pl\/index.php\/wp-json\/wp\/v2\/users\/1"}],"replies":[{"embeddable":true,"href":"https:\/\/villavista.pl\/index.php\/wp-json\/wp\/v2\/comments?post=2"}],"version-history":[{"count":39,"href":"https:\/\/villavista.pl\/index.php\/wp-json\/wp\/v2\/pages\/2\/revisions"}],"predecessor-version":[{"id":896,"href":"https:\/\/villavista.pl\/index.php\/wp-json\/wp\/v2\/pages\/2\/revisions\/896"}],"wp:featuredmedia":[{"embeddable":true,"href":"https:\/\/villavista.pl\/index.php\/wp-json\/wp\/v2\/media\/600"}],"wp:attachment":[{"href":"https:\/\/villavista.pl\/index.php\/wp-json\/wp\/v2\/media?parent=2"}],"curies":[{"name":"wp","href":"https:\/\/api.w.org\/{rel}","templated":true}]}}