{"id":17,"date":"2019-08-07T17:48:12","date_gmt":"2019-08-07T15:48:12","guid":{"rendered":"http:\/\/villavista.pl\/?page_id=17"},"modified":"2025-12-19T19:26:25","modified_gmt":"2025-12-19T18:26:25","slug":"villa-vista-zakopane","status":"publish","type":"page","link":"https:\/\/villavista.pl\/","title":{"rendered":"Villa Vista Zakopane \u2013 komfortowe apartamenty z saun\u0105 blisko Krup\u00f3wek i Guba\u0142\u00f3wki"},"content":{"rendered":"\n<figure class=\"wp-block-gallery has-nested-images columns-default is-cropped wp-block-gallery-1 is-layout-flex wp-block-gallery-is-layout-flex\">\n<figure class=\"wp-block-image size-large\"><img loading=\"lazy\" decoding=\"async\" width=\"1024\" height=\"576\" data-id=\"606\" src=\"https:\/\/villavista.pl\/wp-content\/uploads\/2023\/01\/front-villa-vista-1024x576.jpg\" alt=\"villa vista zakopane apartamenty sauna\" class=\"wp-image-606\" srcset=\"https:\/\/villavista.pl\/wp-content\/uploads\/2023\/01\/front-villa-vista-1024x576.jpg 1024w, https:\/\/villavista.pl\/wp-content\/uploads\/2023\/01\/front-villa-vista-300x169.jpg 300w, https:\/\/villavista.pl\/wp-content\/uploads\/2023\/01\/front-villa-vista-768x432.jpg 768w, https:\/\/villavista.pl\/wp-content\/uploads\/2023\/01\/front-villa-vista-1536x864.jpg 1536w, https:\/\/villavista.pl\/wp-content\/uploads\/2023\/01\/front-villa-vista-2048x1152.jpg 2048w\" sizes=\"auto, (max-width: 767px) 89vw, (max-width: 1000px) 54vw, (max-width: 1071px) 543px, 580px\" \/><figcaption class=\"wp-element-caption\">villa vista zakopane apartamenty sauna<\/figcaption><\/figure>\n<\/figure>\n\n\n\n<p><\/p>\n\n\n\n<p><strong>Witamy w Villa Vista Apartamenty &amp; SAUNA Zakopane<\/strong>, gdzie przede wszystkim oferujemy komfortowy <strong>wynajem apartament\u00f3w w Zakopanem<\/strong>. Jednocze\u015bnie zapewniamy wysoki standard wypoczynku, dlatego nasza oferta skierowana jest do os\u00f3b ceni\u0105cych spok\u00f3j i wygod\u0119. <\/p>\n\n\n\n<p>Co istotne, do dyspozycji Go\u015bci oddajemy <strong>sze\u015b\u0107 nowych i przestronnych apartament\u00f3w<\/strong>, kt\u00f3re doskonale sprawdzaj\u0105 si\u0119 przez ca\u0142y rok.<\/p>\n\n\n\n<p>Nasze <strong>apartamenty w Zakopanem<\/strong> zlokalizowane s\u0105 w presti\u017cowej dzielnicy <strong>Kamieniec \/ Tatary<\/strong>, a wi\u0119c w jednej z naj\u0142adniejszych cz\u0119\u015bci miasta. Dzi\u0119ki temu <strong>Villa Vista Zakopane<\/strong> po\u0142o\u017cona jest na zboczu Guba\u0142\u00f3wki, sk\u0105d rozpo\u015bciera si\u0119 pi\u0119kny widok na Tatry. <\/p>\n\n\n\n<p>Co wi\u0119cej, taka lokalizacja sprzyja wyciszeniu, a jednocze\u015bnie pozwala szybko dotrze\u0107 do centrum.<\/p>\n\n\n\n<figure class=\"wp-block-gallery has-nested-images columns-default is-cropped wp-block-gallery-2 is-layout-flex wp-block-gallery-is-layout-flex\">\n<figure class=\"wp-block-image size-large\"><img loading=\"lazy\" decoding=\"async\" width=\"1024\" height=\"598\" data-id=\"747\" src=\"https:\/\/villavista.pl\/wp-content\/uploads\/2023\/11\/1698524769013-1024x598.jpg\" alt=\"Villa Vista Zakopane Apartament Guba\u0142\u00f3wka\" class=\"wp-image-747\" srcset=\"https:\/\/villavista.pl\/wp-content\/uploads\/2023\/11\/1698524769013-1024x598.jpg 1024w, https:\/\/villavista.pl\/wp-content\/uploads\/2023\/11\/1698524769013-800x467.jpg 800w, https:\/\/villavista.pl\/wp-content\/uploads\/2023\/11\/1698524769013-768x448.jpg 768w, https:\/\/villavista.pl\/wp-content\/uploads\/2023\/11\/1698524769013-1536x897.jpg 1536w, https:\/\/villavista.pl\/wp-content\/uploads\/2023\/11\/1698524769013-2048x1196.jpg 2048w\" sizes=\"auto, (max-width: 767px) 89vw, (max-width: 1000px) 54vw, (max-width: 1071px) 543px, 580px\" \/><figcaption class=\"wp-element-caption\">Widok na ca\u0142\u0105 Panoram\u0119 Tatr z okien g\u00f3rnych Apartament\u00f3w Villa Vista Zakopane<\/figcaption><\/figure>\n<\/figure>\n\n\n\n<figure class=\"wp-block-image size-large\"><img loading=\"lazy\" decoding=\"async\" width=\"1024\" height=\"367\" src=\"https:\/\/villavista.pl\/wp-content\/uploads\/2023\/01\/IMG_20190629_132613-1024x367.jpg\" alt=\"villa vista zakopane apartamenty sauna\" class=\"wp-image-622\" srcset=\"https:\/\/villavista.pl\/wp-content\/uploads\/2023\/01\/IMG_20190629_132613-1024x367.jpg 1024w, https:\/\/villavista.pl\/wp-content\/uploads\/2023\/01\/IMG_20190629_132613-300x107.jpg 300w, https:\/\/villavista.pl\/wp-content\/uploads\/2023\/01\/IMG_20190629_132613-768x275.jpg 768w, https:\/\/villavista.pl\/wp-content\/uploads\/2023\/01\/IMG_20190629_132613.jpg 1500w\" sizes=\"auto, (max-width: 767px) 89vw, (max-width: 1000px) 54vw, (max-width: 1071px) 543px, 580px\" \/><figcaption class=\"wp-element-caption\">Villa Vista zakopane widok na ca\u0142\u0105 Panoram\u0119 Tatr z g\u00f3rnych apartament\u00f3w<\/figcaption><\/figure>\n\n\n\n<p>Apartamenty blisko Guba\u0142\u00f3wki \u2013 cisza i natura<\/p>\n\n\n\n<p>Bezpo\u015brednio za obiektem znajduje si\u0119 Guba\u0142\u00f3wka oraz las, dlatego nasi Go\u015bcie mog\u0105 liczy\u0107 na cisz\u0119 i kontakt z natur\u0105. Jednocze\u015bnie, w przeciwie\u0144stwie do wielu innych obiekt\u00f3w, nie ma potrzeby korzystania z kolejki na Guba\u0142\u00f3wk\u0119. Zamiast tego mo\u017cna wybra\u0107 spacer jednym ze szlak\u00f3w turystycznych, kt\u00f3re zaczynaj\u0105 si\u0119 tu\u017c obok <strong>Villa Vista Apartamenty &amp; SAUNA Zakopane<\/strong>.<\/p>\n\n\n\n<p>Dodatkowo, w odleg\u0142o\u015bci oko\u0142o 50 metr\u00f3w od obiektu p\u0142ynie g\u00f3rska rzeka Zakopianka. W zwi\u0105zku z tym wzd\u0142u\u017c rzeki powsta\u0142 nowy deptak, kt\u00f3ry idealnie nadaje si\u0119 zar\u00f3wno na spacery, jak i na poranny jogging. Co wa\u017cne, taka infrastruktura podnosi komfort codziennego wypoczynku.<\/p>\n\n\n\n<figure class=\"wp-block-image size-large\"><img loading=\"lazy\" decoding=\"async\" width=\"1024\" height=\"572\" src=\"https:\/\/villavista.pl\/wp-content\/uploads\/2019\/08\/villavista2-1024x572.jpg\" alt=\"villavista\" class=\"wp-image-158\" srcset=\"https:\/\/villavista.pl\/wp-content\/uploads\/2019\/08\/villavista2-1024x572.jpg 1024w, https:\/\/villavista.pl\/wp-content\/uploads\/2019\/08\/villavista2-300x168.jpg 300w, https:\/\/villavista.pl\/wp-content\/uploads\/2019\/08\/villavista2-768x429.jpg 768w, https:\/\/villavista.pl\/wp-content\/uploads\/2019\/08\/villavista2.jpg 1400w\" sizes=\"auto, (max-width: 767px) 89vw, (max-width: 1000px) 54vw, (max-width: 1071px) 543px, 580px\" \/><figcaption class=\"wp-element-caption\">Po\u0142o\u017cenie Villa Vista Apartamenty &amp; SAUNA<\/figcaption><\/figure>\n\n\n\n<figure class=\"wp-block-image size-large\"><img loading=\"lazy\" decoding=\"async\" width=\"1024\" height=\"576\" src=\"https:\/\/villavista.pl\/wp-content\/uploads\/2023\/01\/villavistanoczakopana-1024x576.jpg\" alt=\"villa vista zakopane krup\u00f3wki\" class=\"wp-image-600\" srcset=\"https:\/\/villavista.pl\/wp-content\/uploads\/2023\/01\/villavistanoczakopana-1024x576.jpg 1024w, https:\/\/villavista.pl\/wp-content\/uploads\/2023\/01\/villavistanoczakopana-300x169.jpg 300w, https:\/\/villavista.pl\/wp-content\/uploads\/2023\/01\/villavistanoczakopana-768x432.jpg 768w, https:\/\/villavista.pl\/wp-content\/uploads\/2023\/01\/villavistanoczakopana-1536x864.jpg 1536w, https:\/\/villavista.pl\/wp-content\/uploads\/2023\/01\/villavistanoczakopana-2048x1152.jpg 2048w\" sizes=\"auto, (max-width: 767px) 89vw, (max-width: 1000px) 54vw, (max-width: 1071px) 543px, 580px\" \/><figcaption class=\"wp-element-caption\">Zima w <em>Villa Vista Apartamenty &amp; SAUNA Zakopane<\/em><\/figcaption><\/figure>\n\n\n\n<p>Apartamenty blisko Krup\u00f3wek w Zakopanem<\/p>\n\n\n\n<p>Pomimo spokojnego po\u0142o\u017cenia, <strong>Villa Vista Apartamenty &amp; SAUNA Zakopane<\/strong> znajduje si\u0119 blisko g\u0142\u00f3wnych atrakcji miasta. Dlatego w\u0142a\u015bnie Krup\u00f3wki oddalone s\u0105 o oko\u0142o 1000 metr\u00f3w. Podobnie kolej na Guba\u0142\u00f3wk\u0119 znajduje si\u0119 w odleg\u0142o\u015bci oko\u0142o 1000 metr\u00f3w. Z kolei dworzec PKP i PKS oddalony jest o nieca\u0142e 900 metr\u00f3w, natomiast Baseny Termalne Zakopane znajduj\u0105 si\u0119 oko\u0142o 1400 metr\u00f3w od obiektu.<\/p>\n\n\n\n<p>W rezultacie Go\u015bcie mog\u0105 porusza\u0107 si\u0119 pieszo, a jednocze\u015bnie unikn\u0105\u0107 kork\u00f3w i problem\u00f3w z parkowaniem. Co wi\u0119cej, taka lokalizacja pozwala w pe\u0142ni korzysta\u0107 z atrakcji Zakopanego bez konieczno\u015bci u\u017cywania samochodu.<\/p>\n\n\n\n<figure class=\"wp-block-image size-large\"><img loading=\"lazy\" decoding=\"async\" width=\"1024\" height=\"538\" src=\"https:\/\/villavista.pl\/wp-content\/uploads\/2019\/09\/krup\u00f3wki-1024x538.png\" alt=\"villa vista odleg\u0142o\u015b\u0107 od Krup\u00f3wek 900-1000m\" class=\"wp-image-414\" srcset=\"https:\/\/villavista.pl\/wp-content\/uploads\/2019\/09\/krup\u00f3wki-1024x538.png 1024w, https:\/\/villavista.pl\/wp-content\/uploads\/2019\/09\/krup\u00f3wki-300x158.png 300w, https:\/\/villavista.pl\/wp-content\/uploads\/2019\/09\/krup\u00f3wki-768x404.png 768w, https:\/\/villavista.pl\/wp-content\/uploads\/2019\/09\/krup\u00f3wki.png 1280w\" sizes=\"auto, (max-width: 767px) 89vw, (max-width: 1000px) 54vw, (max-width: 1071px) 543px, 580px\" \/><figcaption class=\"wp-element-caption\">Odleg\u0142o\u015b\u0107 od Krup\u00f3wek<\/figcaption><\/figure>\n\n\n\n<p>Apartament z saun\u0105 na wynajem w Zakopanem<\/p>\n\n\n\n<p>Ponadto w ofercie znajduje si\u0119 <strong>apartament z saun\u0105 na wynajem w Zakopanem<\/strong>, kt\u00f3ry zapewnia dodatkowy komfort pobytu. Dzi\u0119ki temu po dniu sp\u0119dzonym na g\u00f3rskich szlakach lub stoku narciarskim mo\u017cna zadba\u0107 o pe\u0142n\u0105 regeneracj\u0119. W efekcie pobyt w <strong>Villa Vista Apartamenty &amp; SAUNA Zakopane<\/strong> staje si\u0119 jeszcze bardziej relaksuj\u0105cy.<\/p>\n\n\n\n<figure class=\"wp-block-gallery has-nested-images columns-default is-cropped wp-block-gallery-3 is-layout-flex wp-block-gallery-is-layout-flex\">\n<figure class=\"wp-block-image size-large\"><img loading=\"lazy\" decoding=\"async\" width=\"1024\" height=\"552\" data-id=\"801\" src=\"https:\/\/villavista.pl\/wp-content\/uploads\/2024\/01\/1701664128236-1024x552.jpg\" alt=\"Villa Vista Apartamenty &amp; SAUNA Zakopane Apartament Guba\u0142\u00f3wka\" class=\"wp-image-801\" srcset=\"https:\/\/villavista.pl\/wp-content\/uploads\/2024\/01\/1701664128236-1024x552.jpg 1024w, https:\/\/villavista.pl\/wp-content\/uploads\/2024\/01\/1701664128236-800x431.jpg 800w, https:\/\/villavista.pl\/wp-content\/uploads\/2024\/01\/1701664128236-768x414.jpg 768w, https:\/\/villavista.pl\/wp-content\/uploads\/2024\/01\/1701664128236-1536x828.jpg 1536w, https:\/\/villavista.pl\/wp-content\/uploads\/2024\/01\/1701664128236-2048x1104.jpg 2048w\" sizes=\"auto, (max-width: 767px) 89vw, (max-width: 1000px) 54vw, (max-width: 1071px) 543px, 580px\" \/><figcaption class=\"wp-element-caption\">Villa Vista Apartamenty &amp; SAUNA Zakopane Apartament Guba\u0142\u00f3wka<\/figcaption><\/figure>\n<\/figure>\n\n\n\n<h3 class=\"wp-block-heading\">Komfort, parking i domowa atmosfera<\/h3>\n\n\n\n<p>Ka\u017cdy apartament posiada jedno wyznaczone miejsce na <strong>bezp\u0142atnym parkingu<\/strong>, dlatego Go\u015bcie nie musz\u0105 martwi\u0107 si\u0119 o samoch\u00f3d. Jednocze\u015bnie zach\u0119camy, aby auto pozostawi\u0107 na miejscu i korzysta\u0107 z urok\u00f3w miasta pieszo.<\/p>\n\n\n\n<figure class=\"wp-block-gallery has-nested-images columns-default is-cropped wp-block-gallery-4 is-layout-flex wp-block-gallery-is-layout-flex\">\n<figure class=\"wp-block-image size-large\"><img loading=\"lazy\" decoding=\"async\" width=\"1024\" height=\"576\" data-id=\"606\" src=\"https:\/\/villavista.pl\/wp-content\/uploads\/2023\/01\/front-villa-vista-1024x576.jpg\" alt=\"villa vista zakopane apartamenty sauna\" class=\"wp-image-606\" srcset=\"https:\/\/villavista.pl\/wp-content\/uploads\/2023\/01\/front-villa-vista-1024x576.jpg 1024w, https:\/\/villavista.pl\/wp-content\/uploads\/2023\/01\/front-villa-vista-300x169.jpg 300w, https:\/\/villavista.pl\/wp-content\/uploads\/2023\/01\/front-villa-vista-768x432.jpg 768w, https:\/\/villavista.pl\/wp-content\/uploads\/2023\/01\/front-villa-vista-1536x864.jpg 1536w, https:\/\/villavista.pl\/wp-content\/uploads\/2023\/01\/front-villa-vista-2048x1152.jpg 2048w\" sizes=\"auto, (max-width: 767px) 89vw, (max-width: 1000px) 54vw, (max-width: 1071px) 543px, 580px\" \/><figcaption class=\"wp-element-caption\">villa vista zakopane apartamenty sauna<\/figcaption><\/figure>\n<\/figure>\n\n\n\n<p>Przede wszystkim dbamy o przytuln\u0105, domow\u0105 atmosfer\u0119, dlatego nasi Go\u015bcie czuj\u0105 si\u0119 u nas swobodnie. Co istotne, wielu z nich ch\u0119tnie wraca do <strong>Villa Vista Zakopane<\/strong>. Jednocze\u015bnie obiekt stanowi doskona\u0142\u0105 baz\u0119 wypadow\u0105 w Tatry i na stoki narciarskie.<\/p>\n\n\n\n<figure class=\"wp-block-image size-full\"><img loading=\"lazy\" decoding=\"async\" width=\"1024\" height=\"1024\" src=\"https:\/\/villavista.pl\/wp-content\/uploads\/2023\/05\/w-g\u00f3rach-zakopane-na-nartach.png\" alt=\"w g\u00f3rach zakopane na nartach\" class=\"wp-image-724\" srcset=\"https:\/\/villavista.pl\/wp-content\/uploads\/2023\/05\/w-g\u00f3rach-zakopane-na-nartach.png 1024w, https:\/\/villavista.pl\/wp-content\/uploads\/2023\/05\/w-g\u00f3rach-zakopane-na-nartach-800x800.png 800w, https:\/\/villavista.pl\/wp-content\/uploads\/2023\/05\/w-g\u00f3rach-zakopane-na-nartach-400x400.png 400w, https:\/\/villavista.pl\/wp-content\/uploads\/2023\/05\/w-g\u00f3rach-zakopane-na-nartach-768x768.png 768w, https:\/\/villavista.pl\/wp-content\/uploads\/2023\/05\/w-g\u00f3rach-zakopane-na-nartach-100x100.png 100w\" sizes=\"auto, (max-width: 767px) 89vw, (max-width: 1000px) 54vw, (max-width: 1071px) 543px, 580px\" \/><\/figure>\n\n\n\n<p>Na koniec warto doda\u0107, \u017ce zim\u0105 zalecamy wyposa\u017cenie samochodu w dobre opony zimowe oraz \u0142a\u0144cuchy \u015bniegowe, poniewa\u017c pobyt w g\u00f3rach wymaga odpowiedniego przygotowania.<\/p>\n\n\n\n<p><strong>Podsumowuj\u0105c<\/strong>, <strong>Villa Vista Apartamenty &amp; SAUNA Zakopane<\/strong> to idealny wyb\u00f3r dla os\u00f3b poszukuj\u0105cych komfortowych nocleg\u00f3w w spokojnej cz\u0119\u015bci miasta, a jednocze\u015bnie blisko Krup\u00f3wek i Guba\u0142\u00f3wki.<\/p>\n","protected":false},"excerpt":{"rendered":"<p>Witamy w Villa Vista Apartamenty &amp; SAUNA Zakopane, gdzie przede wszystkim oferujemy komfortowy wynajem apartament\u00f3w w Zakopanem. Jednocze\u015bnie zapewniamy wysoki standard wypoczynku, dlatego nasza oferta skierowana jest do os\u00f3b ceni\u0105cych spok\u00f3j i wygod\u0119. Co istotne, do dyspozycji Go\u015bci oddajemy sze\u015b\u0107 nowych i przestronnych apartament\u00f3w, kt\u00f3re doskonale sprawdzaj\u0105 si\u0119 przez ca\u0142y rok. Nasze apartamenty w Zakopanem &hellip; <\/p>\n<p class=\"link-more\"><a href=\"https:\/\/villavista.pl\/\" class=\"more-link\">Czytaj dalej<span class=\"screen-reader-text\"> \u201eVilla Vista Zakopane \u2013 komfortowe apartamenty z saun\u0105 blisko Krup\u00f3wek i Guba\u0142\u00f3wki\u201d<\/span><\/a><\/p>\n","protected":false},"author":1,"featured_media":604,"parent":0,"menu_order":0,"comment_status":"closed","ping_status":"closed","template":"","meta":{"footnotes":""},"class_list":["post-17","page","type-page","status-publish","has-post-thumbnail","hentry"],"aioseo_notices":[],"_links":{"self":[{"href":"https:\/\/villavista.pl\/index.php\/wp-json\/wp\/v2\/pages\/17","targetHints":{"allow":["GET"]}}],"collection":[{"href":"https:\/\/villavista.pl\/index.php\/wp-json\/wp\/v2\/pages"}],"about":[{"href":"https:\/\/villavista.pl\/index.php\/wp-json\/wp\/v2\/types\/page"}],"author":[{"embeddable":true,"href":"https:\/\/villavista.pl\/index.php\/wp-json\/wp\/v2\/users\/1"}],"replies":[{"embeddable":true,"href":"https:\/\/villavista.pl\/index.php\/wp-json\/wp\/v2\/comments?post=17"}],"version-history":[{"count":70,"href":"https:\/\/villavista.pl\/index.php\/wp-json\/wp\/v2\/pages\/17\/revisions"}],"predecessor-version":[{"id":910,"href":"https:\/\/villavista.pl\/index.php\/wp-json\/wp\/v2\/pages\/17\/revisions\/910"}],"wp:featuredmedia":[{"embeddable":true,"href":"https:\/\/villavista.pl\/index.php\/wp-json\/wp\/v2\/media\/604"}],"wp:attachment":[{"href":"https:\/\/villavista.pl\/index.php\/wp-json\/wp\/v2\/media?parent=17"}],"curies":[{"name":"wp","href":"https:\/\/api.w.org\/{rel}","templated":true}]}}