{"id":114,"date":"2019-08-07T20:32:18","date_gmt":"2019-08-07T18:32:18","guid":{"rendered":"http:\/\/villavista.pl\/?page_id=114"},"modified":"2025-12-19T13:47:04","modified_gmt":"2025-12-19T12:47:04","slug":"wynajem-apartamenty-villa-vista-zakopane-krupowki","status":"publish","type":"page","link":"https:\/\/villavista.pl\/index.php\/wynajem-apartamenty-villa-vista-zakopane-krupowki\/","title":{"rendered":"Apartamenty Villa Vista Zakopane De Lux &#8222;Guba\u0142\u00f3wka&#8221; SAUNA Wynajem Krup\u00f3wki &#8211; 7 osobowy"},"content":{"rendered":"\n<h2 class=\"wp-block-heading\">Apartament Guba\u0142\u00f3wka DeLux \u2013 Villa Vista Apartamenty &amp; SAUNA Zakopane<\/h2>\n\n\n\n<p>Zapraszamy do <strong><a>Apartamentu Guba\u0142\u00f3wka DeLux w Villa Vista Apartamenty &amp; SAUNA Zakopane<\/a><\/strong> \u2013 idealnego miejsca na komfortowy pobyt w sercu Tatr. Nasz apartament zosta\u0142 zaprojektowany z my\u015bl\u0105 o <strong>rodzinach, parach i grupach przyjaci\u00f3\u0142<\/strong>, \u0142\u0105cz\u0105c <strong>przestronno\u015b\u0107, nowoczesne wyposa\u017cenie i relaksuj\u0105c\u0105 atmosfer\u0119<\/strong>.<\/p>\n\n\n\n<h2 class=\"wp-block-heading\">Komfort i wyposa\u017cenie Apartamentu Guba\u0142\u00f3wka<\/h2>\n\n\n\n<p>Apartament Guba\u0142\u00f3wka posiada <strong>taras z widokiem na panoram\u0119 Tatr<\/strong> oraz <strong>saun\u0119<\/strong>, dzi\u0119ki czemu pobyt w Zakopanem staje si\u0119 wyj\u0105tkowo relaksuj\u0105cy.<\/p>\n\n\n\n<h3 class=\"wp-block-heading\">Sypialnia i przestronny salon<\/h3>\n\n\n\n<ul class=\"wp-block-list\">\n<li><strong>Sypialnia:<\/strong> du\u017ce \u0142\u00f3\u017cko dwuosobowe 160 cm z materacem <strong>Exclusive 24 cm<\/strong>, \u0142\u00f3\u017cko jednoosobowe 90 cm, stolik z puf\u0105, du\u017cy <strong>kinowy LED Smart TV 60&#8243; 4K<\/strong> z dost\u0119pem do internetu i aplikacji: YouTube, Netflix, Ipla oraz przegl\u0105darki internetowej.<\/li>\n\n\n\n<li><strong>Salon\/Sypialnia:<\/strong> du\u017ce dwuosobowe \u0142\u00f3\u017cko 160 cm z materacem Exclusive 24 cm, rozk\u0142adany naro\u017cnik\/dwuosobowe \u0142\u00f3\u017cko, <strong>sauna<\/strong>, st\u00f3\u0142 z krzes\u0142ami, szafa, <strong>kinowy LED Smart TV 65&#8243; 4K<\/strong>, dost\u0119p do bezp\u0142atnego WiFi.<\/li>\n<\/ul>\n\n\n\n<p>Obydwa pomieszczenia s\u0105 od siebie niezale\u017cne i mog\u0105 komfortowo pomie\u015bci\u0107 <strong>dwie rodziny<\/strong>. Przedpok\u00f3j \u0142\u0105czy wszystkie pomieszczenia i wyposa\u017cony jest w <strong>dwie szafy<\/strong>.<\/p>\n\n\n\n<h3 class=\"wp-block-heading\">Aneks kuchenny i \u0142azienka<\/h3>\n\n\n\n<ul class=\"wp-block-list\">\n<li><strong>Aneks kuchenny:<\/strong> p\u0142yta grzewcza, zlewozmywak, lod\u00f3wka, kuchenka mikrofalowa, podstawowe wyposa\u017cenie do przygotowania posi\u0142k\u00f3w.<\/li>\n\n\n\n<li><strong>\u0141azienka:<\/strong> WC, umywalka, prysznic z deszczownic\u0105 i termostatem dla komfortowej k\u0105pieli.<\/li>\n<\/ul>\n\n\n\n<p>Dodatkowo, w apartamencie dost\u0119pny jest <strong>taras z meblami ogrodowymi<\/strong>, idealny do relaksu i podziwiania <strong>panoramy Tatr<\/strong>.<\/p>\n\n\n\n<h2 class=\"wp-block-heading\">Po\u0142o\u017cenie Villa Vista Apartamenty &amp; SAUNA Zakopane<\/h2>\n\n\n\n<p><strong>Villa Vista Apartamenty &amp; SAUNA Zakopane<\/strong> znajduje si\u0119 w presti\u017cowej dzielnicy <strong>Kamieniec\/Tatary<\/strong>, tu\u017c pod Guba\u0142\u00f3wk\u0105. Za budynkiem rozci\u0105ga si\u0119 las i g\u00f3ra, a w pobli\u017cu p\u0142ynie g\u00f3rska rzeka <strong>Zakopianka<\/strong>, wzd\u0142u\u017c kt\u00f3rej mo\u017cna spacerowa\u0107 nowym deptakiem. To idealna lokalizacja dla rodzin i os\u00f3b, kt\u00f3re chc\u0105 po\u0142\u0105czy\u0107 cisz\u0119 i kontakt z natur\u0105 z \u0142atwym dost\u0119pem do atrakcji Zakopanego.<\/p>\n\n\n\n<h3 class=\"wp-block-heading\">Odleg\u0142o\u015bci od najwa\u017cniejszych atrakcji:<\/h3>\n\n\n\n<ul class=\"wp-block-list\">\n<li><strong>Krup\u00f3wki<\/strong> \u2013 ok. 1000 m<\/li>\n\n\n\n<li><strong>R\u00f3wnia Krupowa (Sylwester)<\/strong> \u2013 ok. 700 m<\/li>\n\n\n\n<li><strong>Kolej na Guba\u0142\u00f3wk\u0119<\/strong> \u2013 ok. 1000 m<\/li>\n\n\n\n<li><strong>Dworzec<\/strong> \u2013 ok. 900 m<\/li>\n\n\n\n<li><strong>Baseny Termalne<\/strong> \u2013 ok. 1400 m<\/li>\n\n\n\n<li><strong>Szlaki turystyczne na Guba\u0142\u00f3wk\u0119<\/strong> \u2013 tu\u017c przy Villa Vista<\/li>\n<\/ul>\n\n\n\n<p>Dzi\u0119ki temu <strong>apartamenty Villa Vista Apartamenty &amp; SAUNA Zakopane<\/strong> umo\u017cliwiaj\u0105 zwiedzanie pieszo, oszcz\u0119dzaj\u0105c czas i pieni\u0105dze na parkingi.<\/p>\n\n\n\n<h2 class=\"wp-block-heading\">Dlaczego warto wybra\u0107 Apartament Guba\u0142\u00f3wka DeLux<\/h2>\n\n\n\n<ul class=\"wp-block-list\">\n<li>Przestronny i nowocze\u015bnie wyposa\u017cony <strong>apartament w Zakopanem<\/strong><\/li>\n\n\n\n<li><strong>Sauna<\/strong> dost\u0119pna dla go\u015bci<\/li>\n\n\n\n<li><strong>Panorama Tatr<\/strong> z tarasu<\/li>\n\n\n\n<li>Doskona\u0142a lokalizacja: blisko <strong>Krup\u00f3wek, R\u00f3wni Krupowej i szlak\u00f3w pieszych<\/strong><\/li>\n\n\n\n<li>Bezp\u0142atne <strong>WiFi<\/strong> i <strong>telewizory Smart TV<\/strong> w ka\u017cdym pomieszczeniu<\/li>\n\n\n\n<li>Idealny dla rodzin i grup do 10 os\u00f3b<\/li>\n<\/ul>\n\n\n\n<h2 class=\"wp-block-heading\">Zapraszamy do <strong><a>rezerwacji Apartamentu Guba\u0142\u00f3wka w Villa Vista Apartamenty &amp; SAUNA Zakopane<\/a><\/strong> i sp\u0119dzenia niezapomnianych chwil w sercu Tatr.<\/h2>\n\n\n\n<figure class=\"wp-block-image size-large\"><img loading=\"lazy\" decoding=\"async\" width=\"1024\" height=\"552\" src=\"https:\/\/villavista.pl\/wp-content\/uploads\/2024\/01\/1701664128564-1024x552.jpg\" alt=\"\" class=\"wp-image-798\" srcset=\"https:\/\/villavista.pl\/wp-content\/uploads\/2024\/01\/1701664128564-1024x552.jpg 1024w, https:\/\/villavista.pl\/wp-content\/uploads\/2024\/01\/1701664128564-800x431.jpg 800w, https:\/\/villavista.pl\/wp-content\/uploads\/2024\/01\/1701664128564-768x414.jpg 768w, https:\/\/villavista.pl\/wp-content\/uploads\/2024\/01\/1701664128564-1536x828.jpg 1536w, https:\/\/villavista.pl\/wp-content\/uploads\/2024\/01\/1701664128564-2048x1104.jpg 2048w\" sizes=\"auto, (max-width: 767px) 89vw, (max-width: 1000px) 54vw, (max-width: 1071px) 543px, 580px\" \/><figcaption class=\"wp-element-caption\">Apartament Guba\u0142\u00f3wka Villa Vista Zakopane<\/figcaption><\/figure>\n\n\n\n<figure class=\"wp-block-image size-large\"><img loading=\"lazy\" decoding=\"async\" width=\"1024\" height=\"527\" src=\"https:\/\/villavista.pl\/wp-content\/uploads\/2024\/01\/1701664128293-1024x527.jpg\" alt=\"\" class=\"wp-image-799\" srcset=\"https:\/\/villavista.pl\/wp-content\/uploads\/2024\/01\/1701664128293-1024x527.jpg 1024w, https:\/\/villavista.pl\/wp-content\/uploads\/2024\/01\/1701664128293-800x412.jpg 800w, https:\/\/villavista.pl\/wp-content\/uploads\/2024\/01\/1701664128293-768x395.jpg 768w, https:\/\/villavista.pl\/wp-content\/uploads\/2024\/01\/1701664128293-1536x791.jpg 1536w, https:\/\/villavista.pl\/wp-content\/uploads\/2024\/01\/1701664128293-2048x1054.jpg 2048w\" sizes=\"auto, (max-width: 767px) 89vw, (max-width: 1000px) 54vw, (max-width: 1071px) 543px, 580px\" \/><figcaption class=\"wp-element-caption\"> Sauna Villa Vista Zakopane <\/figcaption><\/figure>\n\n\n\n<figure class=\"wp-block-image size-large\"><img loading=\"lazy\" decoding=\"async\" width=\"1024\" height=\"552\" src=\"https:\/\/villavista.pl\/wp-content\/uploads\/2024\/01\/1701664128236-1024x552.jpg\" alt=\"\" class=\"wp-image-801\" srcset=\"https:\/\/villavista.pl\/wp-content\/uploads\/2024\/01\/1701664128236-1024x552.jpg 1024w, https:\/\/villavista.pl\/wp-content\/uploads\/2024\/01\/1701664128236-800x431.jpg 800w, https:\/\/villavista.pl\/wp-content\/uploads\/2024\/01\/1701664128236-768x414.jpg 768w, https:\/\/villavista.pl\/wp-content\/uploads\/2024\/01\/1701664128236-1536x828.jpg 1536w, https:\/\/villavista.pl\/wp-content\/uploads\/2024\/01\/1701664128236-2048x1104.jpg 2048w\" sizes=\"auto, (max-width: 767px) 89vw, (max-width: 1000px) 54vw, (max-width: 1071px) 543px, 580px\" \/><figcaption class=\"wp-element-caption\"> Przestronny Guba\u0142\u00f3wka Apartament DeLux Villa Vista Zakopane <\/figcaption><\/figure>\n\n\n\n<figure class=\"wp-block-image size-large\"><img loading=\"lazy\" decoding=\"async\" width=\"1024\" height=\"598\" src=\"https:\/\/villavista.pl\/wp-content\/uploads\/2023\/11\/1698524769013-1024x598.jpg\" alt=\"Villa Vista Zakopane Apartament Guba\u0142\u00f3wka\" class=\"wp-image-747\" srcset=\"https:\/\/villavista.pl\/wp-content\/uploads\/2023\/11\/1698524769013-1024x598.jpg 1024w, https:\/\/villavista.pl\/wp-content\/uploads\/2023\/11\/1698524769013-800x467.jpg 800w, https:\/\/villavista.pl\/wp-content\/uploads\/2023\/11\/1698524769013-768x448.jpg 768w, https:\/\/villavista.pl\/wp-content\/uploads\/2023\/11\/1698524769013-1536x897.jpg 1536w, https:\/\/villavista.pl\/wp-content\/uploads\/2023\/11\/1698524769013-2048x1196.jpg 2048w\" sizes=\"auto, (max-width: 767px) 89vw, (max-width: 1000px) 54vw, (max-width: 1071px) 543px, 580px\" \/><figcaption class=\"wp-element-caption\"> Villa Vista Zakopane<\/figcaption><\/figure>\n\n\n\n<figure class=\"wp-block-image size-large\"><img loading=\"lazy\" decoding=\"async\" width=\"1024\" height=\"552\" src=\"https:\/\/villavista.pl\/wp-content\/uploads\/2024\/01\/1701664128120-1024x552.jpg\" alt=\"\" class=\"wp-image-802\" srcset=\"https:\/\/villavista.pl\/wp-content\/uploads\/2024\/01\/1701664128120-1024x552.jpg 1024w, https:\/\/villavista.pl\/wp-content\/uploads\/2024\/01\/1701664128120-800x431.jpg 800w, https:\/\/villavista.pl\/wp-content\/uploads\/2024\/01\/1701664128120-768x414.jpg 768w, https:\/\/villavista.pl\/wp-content\/uploads\/2024\/01\/1701664128120-1536x828.jpg 1536w, https:\/\/villavista.pl\/wp-content\/uploads\/2024\/01\/1701664128120-2048x1104.jpg 2048w\" sizes=\"auto, (max-width: 767px) 89vw, (max-width: 1000px) 54vw, (max-width: 1071px) 543px, 580px\" \/><figcaption class=\"wp-element-caption\"> Du\u017cy kinowy LED TV 4K Apartament Guba\u0142\u00f3wka Villa Vista Zakopane <\/figcaption><\/figure>\n\n\n\n<figure class=\"wp-block-gallery has-nested-images columns-default is-cropped wp-block-gallery-1 is-layout-flex wp-block-gallery-is-layout-flex\">\n<figure class=\"wp-block-image size-large\"><img loading=\"lazy\" decoding=\"async\" width=\"1024\" height=\"552\" data-id=\"803\" src=\"https:\/\/villavista.pl\/wp-content\/uploads\/2024\/01\/1701664128219-1024x552.jpg\" alt=\"\" class=\"wp-image-803\" srcset=\"https:\/\/villavista.pl\/wp-content\/uploads\/2024\/01\/1701664128219-1024x552.jpg 1024w, https:\/\/villavista.pl\/wp-content\/uploads\/2024\/01\/1701664128219-800x431.jpg 800w, https:\/\/villavista.pl\/wp-content\/uploads\/2024\/01\/1701664128219-768x414.jpg 768w, https:\/\/villavista.pl\/wp-content\/uploads\/2024\/01\/1701664128219-1536x828.jpg 1536w, https:\/\/villavista.pl\/wp-content\/uploads\/2024\/01\/1701664128219-2048x1104.jpg 2048w\" sizes=\"auto, (max-width: 767px) 89vw, (max-width: 1000px) 54vw, (max-width: 1071px) 543px, 580px\" \/><\/figure>\n<\/figure>\n\n\n\n<figure class=\"wp-block-gallery has-nested-images columns-default is-cropped wp-block-gallery-2 is-layout-flex wp-block-gallery-is-layout-flex\">\n<figure class=\"wp-block-image size-large\"><img loading=\"lazy\" decoding=\"async\" width=\"1024\" height=\"552\" data-id=\"804\" src=\"https:\/\/villavista.pl\/wp-content\/uploads\/2024\/01\/1701664128416-1024x552.jpg\" alt=\"\" class=\"wp-image-804\" srcset=\"https:\/\/villavista.pl\/wp-content\/uploads\/2024\/01\/1701664128416-1024x552.jpg 1024w, https:\/\/villavista.pl\/wp-content\/uploads\/2024\/01\/1701664128416-800x431.jpg 800w, https:\/\/villavista.pl\/wp-content\/uploads\/2024\/01\/1701664128416-768x414.jpg 768w, https:\/\/villavista.pl\/wp-content\/uploads\/2024\/01\/1701664128416-1536x828.jpg 1536w, https:\/\/villavista.pl\/wp-content\/uploads\/2024\/01\/1701664128416-2048x1104.jpg 2048w\" sizes=\"auto, (max-width: 767px) 89vw, (max-width: 1000px) 54vw, (max-width: 1071px) 543px, 580px\" \/><\/figure>\n<\/figure>\n\n\n\n<figure class=\"wp-block-gallery has-nested-images columns-default is-cropped wp-block-gallery-3 is-layout-flex wp-block-gallery-is-layout-flex\">\n<figure class=\"wp-block-image size-large\"><img loading=\"lazy\" decoding=\"async\" width=\"1024\" height=\"552\" data-id=\"805\" src=\"https:\/\/villavista.pl\/wp-content\/uploads\/2024\/01\/1701664127964-1024x552.jpg\" alt=\"\" class=\"wp-image-805\" srcset=\"https:\/\/villavista.pl\/wp-content\/uploads\/2024\/01\/1701664127964-1024x552.jpg 1024w, https:\/\/villavista.pl\/wp-content\/uploads\/2024\/01\/1701664127964-800x431.jpg 800w, https:\/\/villavista.pl\/wp-content\/uploads\/2024\/01\/1701664127964-768x414.jpg 768w, https:\/\/villavista.pl\/wp-content\/uploads\/2024\/01\/1701664127964-1536x828.jpg 1536w, https:\/\/villavista.pl\/wp-content\/uploads\/2024\/01\/1701664127964-2048x1104.jpg 2048w\" sizes=\"auto, (max-width: 767px) 89vw, (max-width: 1000px) 54vw, (max-width: 1071px) 543px, 580px\" \/><\/figure>\n<\/figure>\n\n\n\n<figure class=\"wp-block-gallery has-nested-images columns-default is-cropped wp-block-gallery-4 is-layout-flex wp-block-gallery-is-layout-flex\">\n<figure class=\"wp-block-image size-large\"><img loading=\"lazy\" decoding=\"async\" width=\"1024\" height=\"552\" data-id=\"806\" src=\"https:\/\/villavista.pl\/wp-content\/uploads\/2024\/01\/1701664128088-1024x552.jpg\" alt=\"\" class=\"wp-image-806\" srcset=\"https:\/\/villavista.pl\/wp-content\/uploads\/2024\/01\/1701664128088-1024x552.jpg 1024w, https:\/\/villavista.pl\/wp-content\/uploads\/2024\/01\/1701664128088-800x431.jpg 800w, https:\/\/villavista.pl\/wp-content\/uploads\/2024\/01\/1701664128088-768x414.jpg 768w, https:\/\/villavista.pl\/wp-content\/uploads\/2024\/01\/1701664128088-1536x828.jpg 1536w, https:\/\/villavista.pl\/wp-content\/uploads\/2024\/01\/1701664128088-2048x1104.jpg 2048w\" sizes=\"auto, (max-width: 767px) 89vw, (max-width: 1000px) 54vw, (max-width: 1071px) 543px, 580px\" \/><\/figure>\n<\/figure>\n\n\n\n<figure class=\"wp-block-image size-large\"><img loading=\"lazy\" decoding=\"async\" width=\"1024\" height=\"552\" src=\"https:\/\/villavista.pl\/wp-content\/uploads\/2024\/01\/1701664127727-1024x552.jpg\" alt=\"\" class=\"wp-image-807\" srcset=\"https:\/\/villavista.pl\/wp-content\/uploads\/2024\/01\/1701664127727-1024x552.jpg 1024w, https:\/\/villavista.pl\/wp-content\/uploads\/2024\/01\/1701664127727-800x431.jpg 800w, https:\/\/villavista.pl\/wp-content\/uploads\/2024\/01\/1701664127727-768x414.jpg 768w, https:\/\/villavista.pl\/wp-content\/uploads\/2024\/01\/1701664127727-1536x828.jpg 1536w, https:\/\/villavista.pl\/wp-content\/uploads\/2024\/01\/1701664127727-2048x1104.jpg 2048w\" sizes=\"auto, (max-width: 767px) 89vw, (max-width: 1000px) 54vw, (max-width: 1071px) 543px, 580px\" \/><figcaption class=\"wp-element-caption\"> Sypialnia Villa Vista Zakopane <\/figcaption><\/figure>\n\n\n\n<figure class=\"wp-block-gallery has-nested-images columns-default is-cropped wp-block-gallery-5 is-layout-flex wp-block-gallery-is-layout-flex\">\n<figure class=\"wp-block-image size-large\"><img loading=\"lazy\" decoding=\"async\" width=\"1024\" height=\"527\" data-id=\"809\" src=\"https:\/\/villavista.pl\/wp-content\/uploads\/2024\/01\/1701664127818-1024x527.jpg\" alt=\"\" class=\"wp-image-809\" srcset=\"https:\/\/villavista.pl\/wp-content\/uploads\/2024\/01\/1701664127818-1024x527.jpg 1024w, https:\/\/villavista.pl\/wp-content\/uploads\/2024\/01\/1701664127818-800x412.jpg 800w, https:\/\/villavista.pl\/wp-content\/uploads\/2024\/01\/1701664127818-768x395.jpg 768w, https:\/\/villavista.pl\/wp-content\/uploads\/2024\/01\/1701664127818-1536x791.jpg 1536w, https:\/\/villavista.pl\/wp-content\/uploads\/2024\/01\/1701664127818-2048x1054.jpg 2048w\" sizes=\"auto, (max-width: 767px) 89vw, (max-width: 1000px) 54vw, (max-width: 1071px) 543px, 580px\" \/><\/figure>\n<\/figure>\n\n\n\n<figure class=\"wp-block-image size-large\"><img loading=\"lazy\" decoding=\"async\" width=\"1024\" height=\"527\" src=\"https:\/\/villavista.pl\/wp-content\/uploads\/2024\/01\/1701664127576-1024x527.jpg\" alt=\"\" class=\"wp-image-808\" srcset=\"https:\/\/villavista.pl\/wp-content\/uploads\/2024\/01\/1701664127576-1024x527.jpg 1024w, https:\/\/villavista.pl\/wp-content\/uploads\/2024\/01\/1701664127576-800x412.jpg 800w, https:\/\/villavista.pl\/wp-content\/uploads\/2024\/01\/1701664127576-768x395.jpg 768w, https:\/\/villavista.pl\/wp-content\/uploads\/2024\/01\/1701664127576-1536x791.jpg 1536w, https:\/\/villavista.pl\/wp-content\/uploads\/2024\/01\/1701664127576-2048x1054.jpg 2048w\" sizes=\"auto, (max-width: 767px) 89vw, (max-width: 1000px) 54vw, (max-width: 1071px) 543px, 580px\" \/><figcaption class=\"wp-element-caption\"> TV LED 4K z internetem Villa Vista Zakopane <\/figcaption><\/figure>\n\n\n\n<figure class=\"wp-block-image\"><img loading=\"lazy\" decoding=\"async\" width=\"1024\" height=\"745\" src=\"https:\/\/villavista.pl\/wp-content\/uploads\/2019\/08\/20190726_165048-horz-1024x745.jpg\" alt=\"Aneks Kuchenny Apartament Guba\u0142\u00f3wkaVilla Vista Zakopane \" class=\"wp-image-122\" srcset=\"https:\/\/villavista.pl\/wp-content\/uploads\/2019\/08\/20190726_165048-horz-1024x745.jpg 1024w, https:\/\/villavista.pl\/wp-content\/uploads\/2019\/08\/20190726_165048-horz-300x218.jpg 300w, https:\/\/villavista.pl\/wp-content\/uploads\/2019\/08\/20190726_165048-horz-768x559.jpg 768w, https:\/\/villavista.pl\/wp-content\/uploads\/2019\/08\/20190726_165048-horz.jpg 1100w\" sizes=\"auto, (max-width: 767px) 89vw, (max-width: 1000px) 54vw, (max-width: 1071px) 543px, 580px\" \/><figcaption class=\"wp-element-caption\">Aneks Kuchenny Apartament Guba\u0142\u00f3wka Villa Vista Zakopane <\/figcaption><\/figure>\n\n\n\n<figure class=\"wp-block-image\"><img loading=\"lazy\" decoding=\"async\" width=\"1024\" height=\"572\" src=\"https:\/\/villavista.pl\/wp-content\/uploads\/2019\/08\/20190727_144724-1024x572.jpg\" alt=\" Przestronna \u0142azienka Villa Vista Zakopane Apartament Guba\u0142\u00f3wka\" class=\"wp-image-123\" srcset=\"https:\/\/villavista.pl\/wp-content\/uploads\/2019\/08\/20190727_144724-1024x572.jpg 1024w, https:\/\/villavista.pl\/wp-content\/uploads\/2019\/08\/20190727_144724-300x168.jpg 300w, https:\/\/villavista.pl\/wp-content\/uploads\/2019\/08\/20190727_144724-768x429.jpg 768w, https:\/\/villavista.pl\/wp-content\/uploads\/2019\/08\/20190727_144724.jpg 1400w\" sizes=\"auto, (max-width: 767px) 89vw, (max-width: 1000px) 54vw, (max-width: 1071px) 543px, 580px\" \/><figcaption class=\"wp-element-caption\"> Przestronna \u0142azienka Villa Vista Zakopane Apartament Guba\u0142\u00f3wka<\/figcaption><\/figure>\n\n\n\n<figure class=\"wp-block-image\"><img loading=\"lazy\" decoding=\"async\" width=\"938\" height=\"807\" src=\"https:\/\/villavista.pl\/wp-content\/uploads\/2019\/08\/20190727_195722-horz.jpg\" alt=\"Prysznic Villa Vista Zakopane \" class=\"wp-image-124\" srcset=\"https:\/\/villavista.pl\/wp-content\/uploads\/2019\/08\/20190727_195722-horz.jpg 938w, https:\/\/villavista.pl\/wp-content\/uploads\/2019\/08\/20190727_195722-horz-300x258.jpg 300w, https:\/\/villavista.pl\/wp-content\/uploads\/2019\/08\/20190727_195722-horz-768x661.jpg 768w\" sizes=\"auto, (max-width: 767px) 89vw, (max-width: 1000px) 54vw, (max-width: 1071px) 543px, 580px\" \/><figcaption class=\"wp-element-caption\"> Prysznic Villa Vista Zakopane <\/figcaption><\/figure>\n","protected":false},"excerpt":{"rendered":"<p>Apartament Guba\u0142\u00f3wka DeLux \u2013 Villa Vista Apartamenty &amp; SAUNA Zakopane Zapraszamy do Apartamentu Guba\u0142\u00f3wka DeLux w Villa Vista Apartamenty &amp; SAUNA Zakopane \u2013 idealnego miejsca na komfortowy pobyt w sercu Tatr. Nasz apartament zosta\u0142 zaprojektowany z my\u015bl\u0105 o rodzinach, parach i grupach przyjaci\u00f3\u0142, \u0142\u0105cz\u0105c przestronno\u015b\u0107, nowoczesne wyposa\u017cenie i relaksuj\u0105c\u0105 atmosfer\u0119. Komfort i wyposa\u017cenie Apartamentu Guba\u0142\u00f3wka &hellip; <\/p>\n<p class=\"link-more\"><a href=\"https:\/\/villavista.pl\/index.php\/wynajem-apartamenty-villa-vista-zakopane-krupowki\/\" class=\"more-link\">Czytaj dalej<span class=\"screen-reader-text\"> \u201eApartamenty Villa Vista Zakopane De Lux &#8222;Guba\u0142\u00f3wka&#8221; SAUNA Wynajem Krup\u00f3wki &#8211; 7 osobowy\u201d<\/span><\/a><\/p>\n","protected":false},"author":1,"featured_media":798,"parent":0,"menu_order":0,"comment_status":"closed","ping_status":"closed","template":"","meta":{"footnotes":""},"class_list":["post-114","page","type-page","status-publish","has-post-thumbnail","hentry"],"aioseo_notices":[],"_links":{"self":[{"href":"https:\/\/villavista.pl\/index.php\/wp-json\/wp\/v2\/pages\/114","targetHints":{"allow":["GET"]}}],"collection":[{"href":"https:\/\/villavista.pl\/index.php\/wp-json\/wp\/v2\/pages"}],"about":[{"href":"https:\/\/villavista.pl\/index.php\/wp-json\/wp\/v2\/types\/page"}],"author":[{"embeddable":true,"href":"https:\/\/villavista.pl\/index.php\/wp-json\/wp\/v2\/users\/1"}],"replies":[{"embeddable":true,"href":"https:\/\/villavista.pl\/index.php\/wp-json\/wp\/v2\/comments?post=114"}],"version-history":[{"count":28,"href":"https:\/\/villavista.pl\/index.php\/wp-json\/wp\/v2\/pages\/114\/revisions"}],"predecessor-version":[{"id":878,"href":"https:\/\/villavista.pl\/index.php\/wp-json\/wp\/v2\/pages\/114\/revisions\/878"}],"wp:featuredmedia":[{"embeddable":true,"href":"https:\/\/villavista.pl\/index.php\/wp-json\/wp\/v2\/media\/798"}],"wp:attachment":[{"href":"https:\/\/villavista.pl\/index.php\/wp-json\/wp\/v2\/media?parent=114"}],"curies":[{"name":"wp","href":"https:\/\/api.w.org\/{rel}","templated":true}]}}